{"id":1186,"date":"2021-10-19T11:26:40","date_gmt":"2021-10-19T11:26:40","guid":{"rendered":"https:\/\/hostel-duesseldorf.de\/?page_id=1186"},"modified":"2021-10-19T13:02:09","modified_gmt":"2021-10-19T13:02:09","slug":"%e6%96%b9%e5%90%91","status":"publish","type":"page","link":"https:\/\/hostel-duesseldorf.de\/zh-hant\/%e6%96%b9%e5%90%91\/","title":{"rendered":"\u65b9\u5411"},"content":{"rendered":"<h2>\n\t\t\u5bbf\u820d\u4fe1\u606f<br \/>\n\t<\/h2>\n<h5>\u5730\u5740<\/h5>\n<p>Backpackers D\u00fcsseldorf<br \/>\nF\u00fcrstenwall 180<br \/>\n40215 D\u00fcsseldorf<br \/>\n\u96fb\u8a71\u865f\u78bc: <a href=\"tel:+492113020848\">+49 211 3020848<\/a> (\u6c92\u6709\u50b3\u771f)<br \/>\n\u8fa6\u516c\u6642\u9593\uff1a\u4e0a\u5348 8 \u9ede\u81f3\u4e0b\u5348 12 \u9ede<\/p>\n<h5>\u71df\u696d\u6642\u9593<\/h5>\n<p>\u63a5\u5f85\u6642\u9593\uff1a\u4e0a\u5348 8:00 \u2013 \u4e0b\u5348 22:00<br \/>\n\u5ba2\u7528\u5eda\u623f\uff1a\u4e0a\u5348 8:00 \u2013 \u4e0b\u5348 22:00<br \/>\n\u65e9\u9910\uff1a\u4e0a\u5348 8:00 \u2013 10:45<br \/>\n\u5165\u4f4f\u6642\u9593\uff1a\u4e0b\u5348 2:00 \u2013 22:00<br \/>\n\uff08\u591c\u9593\u5165\u4f4f\u9700\u4e8b\u5148\u5b89\u6392\uff09<br \/>\n\u9000\u623f\u6642\u9593\u81f3\u4e0a\u5348 11:00<\/p>\n<h2>\n\t\t\u8def\u7dda<br \/>\n\t<\/h2>\n<h5>\u5f9e\u5a01\u8332\u6a5f\u5834 (Ryan Air) \u51fa\u767c\u7684\u8def\u7dda<\/h5>\n<p><a href=\"https:\/\/airport-weeze.com\/how-to-get-to-the-airport\/?lang=en\" target=\"_blank\" rel=\"noopener\">\u5230\u9054\u548c\u96e2\u958b<\/a><\/p>\n<h5>\u5f9e\u675c\u585e\u723e\u591a\u592b\u570b\u969b\u6a5f\u5834\u5230\u675c\u585e\u723e\u591a\u592b\u706b\u8eca\u7e3d\u7ad9 (Hbf) \u7684\u8def\u7dda<\/h5>\n<p>S-Bahn 11 \/ S11\uff08\u7d04 14 \u5206\u9418\uff09<br \/>\n<a href=\"https:\/\/www.dus.com\/en\/inform\/for-a-safe-journey\" target=\"_blank\" rel=\"noopener\">\u5230\u9054\u548c\u96e2\u958b<\/a><\/p>\n<h5>\u5f9e\u675c\u585e\u723e\u591a\u592b\u706b\u8eca\u7e3d\u7ad9 (Hbf) \u5230\u6211\u5011<\/h5>\n<ul>\n<li>732 \u8def\u5df4\u58eb\uff0c\u65b9\u5411 Hafen\/Lausward &#8211; \u5f9e 10 \u865f\u5df4\u58eb\u7ad9\u53f0\u9644\u8fd1\u7684\u7e3d\u7ad9\u51fa\u767c\uff08\u5728 Sparkasse\uff09<\/li>\n<li>\u7d04\u5f8c\u4e0b\u8eca 6 \u5206\u9418\u3002 \u5728 Corneliusstra\u00dfe \u7ad9<\/li>\n<li>\u6cbf\u8457 F\u00fcrstenwall \u6b65\u884c\u7d04 2 \u5206\u9418\u3002 \u6559\u5802\u5ee3\u5834\u65b9\u5411<\/li>\n<li>\u5728 F\u00fcrstenwall 180 \u865f\uff08\u53f3\u5074\uff09\uff0c\u60a8\u5c31\u5728\u90a3\u88e1\u3002<\/li>\n<\/ul>\n<h5>\u73fe\u5834<\/h5>\n<ul>\n<li>\u5982\u679c\u60a8\u901a\u904e\u96fb\u5b50\u90f5\u4ef6\u6536\u5230\u4e86\u62b5\u9054\u5bc6\u78bc\uff0c\u8acb\u4f7f\u7528\u767d\u8272\u5927\u9580\uff08\u5bc6\u78bc\u9375\u76e4\u4f4d\u65bc\u9580\u9234\u65c1\u908a\uff09\u3002<\/li>\n<li>\u5982\u679c\u901a\u5f80\u5ead\u9662\u7684\u5927\u9580\u662f\u655e\u958b\u7684\uff0c\u60a8\u53ef\u4ee5\u7a7f\u904e\u5ead\u9662\u76f4\u63a5\u5230\u9054\u63a5\u5f85\u5340\u3002<\/li>\n<\/ul>\n<p>\t<iframe src=\"https:\/\/www.google.com\/maps\/embed\/v1\/place?q=Backpackers+D%C3%BCsseldorf+%C2%B7+F%C3%BCrstenwall+180+%C2%B7+40215+D%C3%BCsseldorf&#038;key=AIzaSyD09zQ9PNDNNy9TadMuzRV_UsPUoWKntt8\" aria-hidden=\"true\"><\/iframe><\/p>\n","protected":false},"excerpt":{"rendered":"<p>\u5bbf\u820d\u4fe1\u606f \u5730\u5740 Backpackers D\u00fcsseldorf F\u00fcrstenwall 180 40215 D\u00fcsseldorf \u96fb\u8a71\u865f\u78bc: +49 211 3020848 (\u6c92\u6709\u50b3\u771f) \u8fa6\u516c\u6642\u9593\uff1a\u4e0a\u5348 8 \u9ede\u81f3\u4e0b\u5348 12 \u9ede \u71df\u696d\u6642\u9593 \u63a5\u5f85\u6642\u9593\uff1a\u4e0a\u5348 8:00 \u2013 \u4e0b\u5348 22:00 \u5ba2\u7528\u5eda\u623f\uff1a\u4e0a\u5348 8:00 \u2013 \u4e0b\u5348 22:00 \u65e9\u9910\uff1a\u4e0a\u5348 8:00 \u2013 10:45 \u5165\u4f4f\u6642\u9593\uff1a\u4e0b\u5348 2:00 \u2013 22:00 \uff08\u591c\u9593\u5165\u4f4f\u9700\u4e8b\u5148\u5b89\u6392\uff09 \u9000\u623f\u6642\u9593\u81f3\u4e0a\u5348 11:00 \u8def\u7dda \u5f9e\u5a01\u8332\u6a5f\u5834 (Ryan Air) \u51fa\u767c\u7684\u8def\u7dda \u5230\u9054\u548c\u96e2\u958b \u5f9e\u675c\u585e\u723e\u591a\u592b\u570b\u969b\u6a5f\u5834\u5230\u675c\u585e\u723e\u591a\u592b\u706b\u8eca\u7e3d\u7ad9 (Hbf) \u7684\u8def\u7dda S-Bahn 11 \/ S11\uff08\u7d04 14 \u5206\u9418\uff09 [&hellip;]<\/p>\n","protected":false},"author":1,"featured_media":0,"parent":0,"menu_order":4,"comment_status":"closed","ping_status":"closed","template":"","meta":{"_acf_changed":false,"footnotes":""},"class_list":["post-1186","page","type-page","status-publish","hentry"],"acf":[],"_links":{"self":[{"href":"https:\/\/hostel-duesseldorf.de\/zh-hant\/wp-json\/wp\/v2\/pages\/1186","targetHints":{"allow":["GET"]}}],"collection":[{"href":"https:\/\/hostel-duesseldorf.de\/zh-hant\/wp-json\/wp\/v2\/pages"}],"about":[{"href":"https:\/\/hostel-duesseldorf.de\/zh-hant\/wp-json\/wp\/v2\/types\/page"}],"author":[{"embeddable":true,"href":"https:\/\/hostel-duesseldorf.de\/zh-hant\/wp-json\/wp\/v2\/users\/1"}],"replies":[{"embeddable":true,"href":"https:\/\/hostel-duesseldorf.de\/zh-hant\/wp-json\/wp\/v2\/comments?post=1186"}],"version-history":[{"count":0,"href":"https:\/\/hostel-duesseldorf.de\/zh-hant\/wp-json\/wp\/v2\/pages\/1186\/revisions"}],"wp:attachment":[{"href":"https:\/\/hostel-duesseldorf.de\/zh-hant\/wp-json\/wp\/v2\/media?parent=1186"}],"curies":[{"name":"wp","href":"https:\/\/api.w.org\/{rel}","templated":true}]}}