{"id":1066,"date":"2021-10-18T16:12:57","date_gmt":"2021-10-18T16:12:57","guid":{"rendered":"https:\/\/hostel-duesseldorf.de\/?page_id=1066"},"modified":"2025-04-24T08:16:01","modified_gmt":"2025-04-24T08:16:01","slug":"%d0%ba%d0%be%d0%bd%d1%82%d0%b0%d0%ba%d1%82%d1%8b","status":"publish","type":"page","link":"https:\/\/hostel-duesseldorf.de\/ru\/%d0%ba%d0%be%d0%bd%d1%82%d0%b0%d0%ba%d1%82%d1%8b\/","title":{"rendered":"\u043a\u043e\u043d\u0442\u0430\u043a\u0442\u044b"},"content":{"rendered":"\n\n\t<div class=\"wpforms-container wpforms-container-full\" id=\"wpforms-726\"><form id=\"wpforms-form-726\" class=\"wpforms-validate wpforms-form wpforms-ajax-form\" data-formid=\"726\" method=\"post\" enctype=\"multipart\/form-data\" action=\"\/ru\/wp-json\/wp\/v2\/pages\/1066\" data-token=\"5d8f822ffdd09b93c351ec80464b7046\" data-token-time=\"1776076959\"><noscript class=\"wpforms-error-noscript\">\u0414\u043b\u044f \u0437\u0430\u043f\u043e\u043b\u043d\u0435\u043d\u0438\u044f \u0434\u0430\u043d\u043d\u043e\u0439 \u0444\u043e\u0440\u043c\u044b \u0432\u043a\u043b\u044e\u0447\u0438\u0442\u0435 JavaScript \u0432 \u0431\u0440\u0430\u0443\u0437\u0435\u0440\u0435.<\/noscript><div class=\"wpforms-field-container\"><div id=\"wpforms-726-field_0-container\" class=\"wpforms-field wpforms-field-name\" data-field-id=\"0\"><label class=\"wpforms-field-label\" for=\"wpforms-726-field_0\">Your name <span class=\"wpforms-required-label\">*<\/span><\/label><input type=\"text\" id=\"wpforms-726-field_0\" class=\"wpforms-field-large wpforms-field-required\" name=\"wpforms[fields][0]\" required><\/div><div id=\"wpforms-726-field_1-container\" class=\"wpforms-field wpforms-field-email\" data-field-id=\"1\"><label class=\"wpforms-field-label\" for=\"wpforms-726-field_1\">Your email <span class=\"wpforms-required-label\">*<\/span><\/label><input type=\"email\" id=\"wpforms-726-field_1\" class=\"wpforms-field-large wpforms-field-required\" name=\"wpforms[fields][1]\" spellcheck=\"false\" required><\/div><div id=\"wpforms-726-field_2-container\" class=\"wpforms-field wpforms-field-textarea\" data-field-id=\"2\"><label class=\"wpforms-field-label\" for=\"wpforms-726-field_2\">Your message <span class=\"wpforms-required-label\">*<\/span><\/label><textarea id=\"wpforms-726-field_2\" class=\"wpforms-field-large wpforms-field-required\" name=\"wpforms[fields][2]\" required><\/textarea><\/div><div id=\"wpforms-726-field_3-container\" class=\"wpforms-field wpforms-field-gdpr-checkbox\" data-field-id=\"3\"><label class=\"wpforms-field-label\">GDPR consent <span class=\"wpforms-required-label\">*<\/span><\/label><ul id=\"wpforms-726-field_3\" class=\"wpforms-field-required\"><li class=\"choice-1\"><input type=\"checkbox\" id=\"wpforms-726-field_3_1\" name=\"wpforms[fields][3][]\" value=\"I have read the &lt;a target=&quot;_blank&quot; href=&quot;\/en\/privacy\/&quot;&gt;privacy policy&lt;\/a&gt; of this website and agree that my details and data may be collected and stored electronically in order to respond to my enquiry.\" required ><label class=\"wpforms-field-label-inline\" for=\"wpforms-726-field_3_1\">I have read the <a target=\"_blank\" href=\"\/en\/privacy\/\">privacy policy<\/a> of this website and agree that my details and data may be collected and stored electronically in order to respond to my enquiry.<\/label><\/li><\/ul><\/div><\/div><!-- .wpforms-field-container --><div class=\"wpforms-submit-container\" ><input type=\"hidden\" name=\"wpforms[id]\" value=\"726\"><input type=\"hidden\" name=\"page_title\" value=\"\"><input type=\"hidden\" name=\"page_url\" value=\"https:\/\/hostel-duesseldorf.de\/ru\/wp-json\/wp\/v2\/pages\/1066\"><input type=\"hidden\" name=\"url_referer\" value=\"\"><button type=\"submit\" name=\"wpforms[submit]\" id=\"wpforms-submit-726\" class=\"wpforms-submit\" data-alt-text=\"Sending ...\" data-submit-text=\"Send\" aria-live=\"assertive\" value=\"wpforms-submit\">Send<\/button><img loading=\"lazy\" decoding=\"async\" src=\"https:\/\/hostel-duesseldorf.de\/wp-content\/plugins\/wpforms-lite\/assets\/images\/submit-spin.svg\" class=\"wpforms-submit-spinner\" style=\"display: none;\" width=\"26\" height=\"26\" alt=\"\u0417\u0430\u0433\u0440\u0443\u0437\u043a\u0430\"><\/div><\/form><\/div>  <!-- .wpforms-container -->\n\tBackpackers D\u00fcsseldorf<br \/>\nF\u00fcrstenwall 180<br \/>\n40215 D\u00fcsseldorf\n\u0424\u043e\u043d: <a href=\"tel:+492113020848\">+49 211 3020848<\/a> (\u0444\u0430\u043a\u0441 \u043e\u0442\u0441\u0443\u0442\u0441\u0442\u0432\u0443\u0435\u0442)<br \/>\n\u0427\u0430\u0441\u044b \u0440\u0430\u0431\u043e\u0442\u044b: 8.00 &#8212; 12.00.<br \/>\n<a href=\"mailto: info@backpackers-duesseldorf.de\">info@backpackers-duesseldorf.de<\/a>\n<form action=\"https:\/\/www.paypal.com\/cgi-bin\/webscr\" method=\"post\" target=\"_top\"><input name=\"cmd\" type=\"hidden\" value=\"_s-xclick\" \/>\n<p><input name=\"hosted_button_id\" type=\"hidden\" value=\"2MTHDNBEXWZPE\" \/><\/p>\n<p><strong>\u0421\u0434\u0435\u043b\u0430\u0439\u0442\u0435 \u043f\u0435\u0440\u0432\u044b\u0439 \u0432\u0437\u043d\u043e\u0441<\/strong><\/p>\n<p><input alt=\"PayPal - The safer, easier way to pay online!\" name=\"submit\" src=\"https:\/\/www.paypalobjects.com\/en_GB\/i\/btn\/btn_buynow_SM.gif\" type=\"image\" \/><\/p>\n<p><img loading=\"lazy\" decoding=\"async\" src=\"https:\/\/www.paypalobjects.com\/de_DE\/i\/scr\/pixel.gif\" alt=\"\" width=\"1\" height=\"1\" border=\"0\" \/><\/p>\n<\/form>\n\n","protected":false},"excerpt":{"rendered":"<p>Backpackers D\u00fcsseldorf F\u00fcrstenwall 180 40215 D\u00fcsseldorf \u0424\u043e\u043d: +49 211 3020848 (\u0444\u0430\u043a\u0441 \u043e\u0442\u0441\u0443\u0442\u0441\u0442\u0432\u0443\u0435\u0442) \u0427\u0430\u0441\u044b \u0440\u0430\u0431\u043e\u0442\u044b: 8.00 &#8212; 12.00. info@backpackers-duesseldorf.de \u0421\u0434\u0435\u043b\u0430\u0439\u0442\u0435 \u043f\u0435\u0440\u0432\u044b\u0439 \u0432\u0437\u043d\u043e\u0441<\/p>\n","protected":false},"author":1,"featured_media":0,"parent":0,"menu_order":5,"comment_status":"closed","ping_status":"closed","template":"","meta":{"_acf_changed":false,"footnotes":""},"class_list":["post-1066","page","type-page","status-publish","hentry"],"acf":[],"_links":{"self":[{"href":"https:\/\/hostel-duesseldorf.de\/ru\/wp-json\/wp\/v2\/pages\/1066","targetHints":{"allow":["GET"]}}],"collection":[{"href":"https:\/\/hostel-duesseldorf.de\/ru\/wp-json\/wp\/v2\/pages"}],"about":[{"href":"https:\/\/hostel-duesseldorf.de\/ru\/wp-json\/wp\/v2\/types\/page"}],"author":[{"embeddable":true,"href":"https:\/\/hostel-duesseldorf.de\/ru\/wp-json\/wp\/v2\/users\/1"}],"replies":[{"embeddable":true,"href":"https:\/\/hostel-duesseldorf.de\/ru\/wp-json\/wp\/v2\/comments?post=1066"}],"version-history":[{"count":1,"href":"https:\/\/hostel-duesseldorf.de\/ru\/wp-json\/wp\/v2\/pages\/1066\/revisions"}],"predecessor-version":[{"id":1509,"href":"https:\/\/hostel-duesseldorf.de\/ru\/wp-json\/wp\/v2\/pages\/1066\/revisions\/1509"}],"wp:attachment":[{"href":"https:\/\/hostel-duesseldorf.de\/ru\/wp-json\/wp\/v2\/media?parent=1066"}],"curies":[{"name":"wp","href":"https:\/\/api.w.org\/{rel}","templated":true}]}}