{"id":922,"date":"2021-10-18T11:33:24","date_gmt":"2021-10-18T11:33:24","guid":{"rendered":"https:\/\/hostel-duesseldorf.de\/?page_id=922"},"modified":"2021-10-22T15:43:13","modified_gmt":"2021-10-22T15:43:13","slug":"route","status":"publish","type":"page","link":"https:\/\/hostel-duesseldorf.de\/nl\/route\/","title":{"rendered":"Route"},"content":{"rendered":"<h2>\n\t\tInfo herberg<br \/>\n\t<\/h2>\n<h5>Adres<\/h5>\n<p>Backpackers D\u00fcsseldorf<br \/>\nF\u00fcrstenwall 180<br \/>\n40215 D\u00fcsseldorf<br \/>\nFon: <a href=\"tel:+492113020848\">+49 211 3020848<\/a> (geen fax)<br \/>\nKantooruren: 8 &#8211; 12 uur<\/p>\n<h5>Openingstijden<\/h5>\n<p>Receptie: 8:00 &#8211; 22:00 uur<br \/>\nGastkeuken: 8:00 &#8211; 22:00<br \/>\nOntbijt: 8:00 &#8211; 10:45 a.m.<br \/>\nInchecken: 14:00 &#8211; 22:00 uur<br \/>\n(Nacht check-in alleen op afspraak)<br \/>\nCheck-Out tot 11:00 a.m.<\/p>\n<h2>\n\t\tHoe kunt u ons vinden<br \/>\n\t<\/h2>\n<h5>Route vanaf luchthaven Weeze (Ryan Air)<\/h5>\n<p><a href=\"https:\/\/airport-weeze.com\/how-to-get-to-the-airport\/?lang=en\" target=\"_blank\" rel=\"noopener\">Aankomst en vertrek<\/a><\/p>\n<h5>Route van D\u00fcsseldorf International Airport naar D\u00fcsseldorf Main Station (Hbf)<\/h5>\n<p>S-Bahn nummer 11 \/ S11 (ca. 14 min.)<br \/>\n<a href=\"https:\/\/www.dus.com\/en\/inform\/for-a-safe-journey\" target=\"_blank\" rel=\"noopener\">Aankomst en vertrek<\/a><\/p>\n<h5>Van D\u00fcsseldorf centraal station (Hbf) naar ons<\/h5>\n<ul>\n<li>Bus 732 richting Hafen\/Lausward &#8211; vertrekt vanaf het centraal station in de buurt van busplatform 10 (bij de Sparkasse)<\/li>\n<li>Stap na ca. 6 min. uit bij de halte Corneliusstra\u00dfe<\/li>\n<li>Loop langs de F\u00fcrstenwall ca. 2 min. in de richting van het kerkplein<\/li>\n<li>bij F\u00fcrstenwall nummer 180 (rechter kant) bent u er.<\/li>\n<\/ul>\n<h5>Ter plaatse<\/h5>\n<ul>\n<li>Als u per e-mail een code voor uw aankomst heeft ontvangen, gebruik dan de witte toegangsdeur (het klavier voor de PIN-code bevindt zich naast de deurbel).<\/li>\n<li>Als de poort naar de binnenplaats open is, kunt u via de binnenplaats rechtstreeks naar de receptie gaan.<\/li>\n<\/ul>\n<div class=\"brlbs-cmpnt-container brlbs-cmpnt-content-blocker brlbs-cmpnt-with-individual-styles\" data-borlabs-cookie-content-blocker-id=\"google-maps\" data-borlabs-cookie-content=\"PGlmcmFtZSBzcmM9Imh0dHBzOi8vd3d3Lmdvb2dsZS5jb20vbWFwcy9lbWJlZC92MS9wbGFjZT9xPUJhY2twYWNrZXJzK0QlQzMlQkNzc2VsZG9yZislQzIlQjcrRiVDMyVCQ3JzdGVud2FsbCsxODArJUMyJUI3KzQwMjE1K0QlQzMlQkNzc2VsZG9yZiZrZXk9QUl6YVN5RDA5elE5UE5ETk55OVRhZE11elJWX1VzUFVvV0tudHQ4IiBhcmlhLWhpZGRlbj0idHJ1ZSI+PC9pZnJhbWU+\">\n<div class=\"brlbs-cmpnt-cb-preset-b brlbs-cmpnt-cb-google-maps\">\n<div class=\"brlbs-cmpnt-cb-thumbnail\" style=\"background-image: url('https:\/\/hostel-duesseldorf.de\/wp-content\/uploads\/borlabs-cookie\/1\/brlbs-cb-google-maps-main.png')\"><\/div>\n<div class=\"brlbs-cmpnt-cb-main\">\n<div class=\"brlbs-cmpnt-cb-content\">\n<p class=\"brlbs-cmpnt-cb-description\">U bekijkt momenteel inhoud van een plaatshouder van <strong>Google Maps<\/strong>. Klik op de knop hieronder om de volledige inhoud te bekijken. Houd er rekening mee dat u op deze manier gegevens deelt met providers van derden.<\/p>\n<p> <a class=\"brlbs-cmpnt-cb-provider-toggle\" href=\"#\" data-borlabs-cookie-show-provider-information role=\"button\">Meer informatie<\/a> <\/div>\n<div class=\"brlbs-cmpnt-cb-buttons\"> <a class=\"brlbs-cmpnt-cb-btn\" href=\"#\" data-borlabs-cookie-unblock role=\"button\">Inhoud deblokkeren<\/a> <a class=\"brlbs-cmpnt-cb-btn\" href=\"#\" data-borlabs-cookie-accept-service role=\"button\" style=\"display: inherit\">Vereiste service accepteren en inhouden deblokkeren<\/a> <\/div>\n<\/p><\/div>\n<\/p><\/div>\n<\/div>\n","protected":false},"excerpt":{"rendered":"<p>Info herberg Adres Backpackers D\u00fcsseldorf F\u00fcrstenwall 180 40215 D\u00fcsseldorf Fon: +49 211 3020848 (geen fax) Kantooruren: 8 &#8211; 12 uur Openingstijden Receptie: 8:00 &#8211; 22:00 uur Gastkeuken: 8:00 &#8211; 22:00 Ontbijt: 8:00 &#8211; 10:45 a.m. Inchecken: 14:00 &#8211; 22:00 uur (Nacht check-in alleen op afspraak) Check-Out tot 11:00 a.m. Hoe kunt u ons vinden Route [&hellip;]<\/p>\n","protected":false},"author":1,"featured_media":0,"parent":0,"menu_order":4,"comment_status":"closed","ping_status":"closed","template":"","meta":{"_acf_changed":false,"footnotes":""},"class_list":["post-922","page","type-page","status-publish","hentry"],"acf":[],"_links":{"self":[{"href":"https:\/\/hostel-duesseldorf.de\/nl\/wp-json\/wp\/v2\/pages\/922","targetHints":{"allow":["GET"]}}],"collection":[{"href":"https:\/\/hostel-duesseldorf.de\/nl\/wp-json\/wp\/v2\/pages"}],"about":[{"href":"https:\/\/hostel-duesseldorf.de\/nl\/wp-json\/wp\/v2\/types\/page"}],"author":[{"embeddable":true,"href":"https:\/\/hostel-duesseldorf.de\/nl\/wp-json\/wp\/v2\/users\/1"}],"replies":[{"embeddable":true,"href":"https:\/\/hostel-duesseldorf.de\/nl\/wp-json\/wp\/v2\/comments?post=922"}],"version-history":[{"count":0,"href":"https:\/\/hostel-duesseldorf.de\/nl\/wp-json\/wp\/v2\/pages\/922\/revisions"}],"wp:attachment":[{"href":"https:\/\/hostel-duesseldorf.de\/nl\/wp-json\/wp\/v2\/media?parent=922"}],"curies":[{"name":"wp","href":"https:\/\/api.w.org\/{rel}","templated":true}]}}