{"id":1126,"date":"2021-10-19T11:07:59","date_gmt":"2021-10-19T11:07:59","guid":{"rendered":"https:\/\/hostel-duesseldorf.de\/?page_id=1126"},"modified":"2021-10-22T13:57:37","modified_gmt":"2021-10-22T13:57:37","slug":"%e6%96%b9%e5%90%91%e6%80%a7","status":"publish","type":"page","link":"https:\/\/hostel-duesseldorf.de\/ja\/%e6%96%b9%e5%90%91%e6%80%a7\/","title":{"rendered":"\u65b9\u5411\u6027"},"content":{"rendered":"<h2>\n\t\t\u30db\u30b9\u30c6\u30eb\u60c5\u5831<br \/>\n\t<\/h2>\n<h5>\u30a2\u30c9\u30ec\u30b9<\/h5>\n<p>Backpackers D\u00fcsseldorf<br \/>\nF\u00fcrstenwall 180<br \/>\n40215 D\u00fcsseldorf<br \/>\n\u96fb\u8a71: <a href=\"tel:+492113020848\">+49 211 3020848<\/a> (\u30ce\u30fc\u30d5\u30a1\u30c3\u30af\u30b9)<br \/>\n\u30aa\u30d5\u30a3\u30b9\u306e\u55b6\u696d\u6642\u9593 \u5348\u524d8\u6642\uff5e\u5348\u5f8c12\u6642<\/p>\n<h5>\u55b6\u696d\u6642\u9593<\/h5>\n<p>\u30ec\u30bb\u30d7\u30b7\u30e7\u30f3\uff1a8:00 &#8211; 22:00 p.m.<br \/>\n\u30b2\u30b9\u30c8\u30ad\u30c3\u30c1\u30f3\uff1a8:00 &#8211; 22:00 p.m.<br \/>\n\u671d\u98df\uff1a8:00 &#8211; 10:45 a.m.<br \/>\n\u30c1\u30a7\u30c3\u30af\u30a4\u30f3: 2:00 &#8211; 22:00 p.m.<br \/>\n(\u591c\u9593\u306e\u30c1\u30a7\u30c3\u30af\u30a4\u30f3\u306f\u4e8b\u524d\u306b\u3054\u76f8\u8ac7\u304f\u3060\u3055\u3044\u3002)<br \/>\n\u30c1\u30a7\u30c3\u30af\u30a2\u30a6\u30c8: 11:00 a.m.<\/p>\n<h2>\n\t\t\u304a\u554f\u3044\u5408\u308f\u305b\u5148<br \/>\n\t<\/h2>\n<h5>Weeze\u7a7a\u6e2f\uff08Ryan Air\uff09\u304b\u3089\u306e\u30a2\u30af\u30bb\u30b9<\/h5>\n<p><a href=\"https:\/\/airport-weeze.com\/how-to-get-to-the-airport\/?lang=en\" target=\"_blank\" rel=\"noopener\">\u5230\u7740\u30fb\u51fa\u767a<\/a><\/p>\n<h5>\u30c7\u30e5\u30c3\u30bb\u30eb\u30c9\u30eb\u30d5\u56fd\u969b\u7a7a\u6e2f\u304b\u3089\u30c7\u30e5\u30c3\u30bb\u30eb\u30c9\u30eb\u30d5\u4e2d\u592e\u99c5\uff08Hbf\uff09\u3078\u306e\u884c\u304d\u65b9<\/h5>\n<p>S-Bahn 11\u756a \/ S11\u756a (\u7d0414\u5206)<br \/>\n<a href=\"https:\/\/www.dus.com\/en\/inform\/for-a-safe-journey\" target=\"_blank\" rel=\"noopener\">\u5230\u7740\u30fb\u51fa\u767a<\/a><\/p>\n<h5>\u30c7\u30e5\u30c3\u30bb\u30eb\u30c9\u30eb\u30d5\u4e2d\u592e\u99c5\uff08Hbf\uff09\u304b\u3089\u5f53\u793e\u307e\u3067<\/h5>\n<ul>\n<li>\u30d0\u30b9\u756a\u53f7732\uff08Hafen\/Lausward\u65b9\u9762\uff09\uff1a\u4e2d\u592e\u99c5\u306e\u30d0\u30b9\u4e57\u308a\u583410\u756a\u4ed8\u8fd1\uff08Sparkasse\uff09\u304b\u3089\u51fa\u767a\u3057\u307e\u3059\u3002<\/li>\n<li>\u7d046\u5206\u5f8c\u3001Corneliusstra\u00dfe\u505c\u7559\u6240\u3067\u4e0b\u8eca\u3057\u307e\u3059\u3002<\/li>\n<li>\u30d5\u30e5\u30eb\u30b9\u30c6\u30f3\u30a6\u30a9\u30fc\u30eb\uff08F\u00fcrstenwall\uff09\u306b\u6cbf\u3063\u3066\u7d042\u5206\u3001\u6559\u4f1a\u5e83\u5834\u306e\u65b9\u5411\u306b\u6b69\u304d\u307e\u3059\u3002<\/li>\n<li>180\u756a\u306eF\u00fcrstenwall\uff08\u53f3\u624b\uff09\u306b\u5230\u7740\u3057\u307e\u3059\u3002<\/li>\n<\/ul>\n<h5>\u30aa\u30f3\u30b5\u30a4\u30c8<\/h5>\n<ul>\n<li>E\u30e1\u30fc\u30eb\u3067\u5230\u7740\u6642\u306e\u6697\u8a3c\u756a\u53f7\u3092\u53d7\u3051\u53d6\u3063\u3066\u3044\u308b\u5834\u5408\u306f\u3001\u767d\u3044\u5165\u308a\u53e3\u306e\u30c9\u30a2\u3092\u3054\u5229\u7528\u304f\u3060\u3055\u3044\uff08\u6697\u8a3c\u756a\u53f7\u306e\u30ad\u30fc\u30d1\u30c3\u30c9\u306f\u30c9\u30a2\u30d9\u30eb\u306e\u6a2a\u306b\u3042\u308a\u307e\u3059\uff09\u3002<\/li>\n<li>\u4e2d\u5ead\u306e\u30b2\u30fc\u30c8\u304c\u958b\u3044\u3066\u3044\u308c\u3070\u3001\u4e2d\u5ead\u3092\u901a\u3063\u3066\u76f4\u63a5\u30ec\u30bb\u30d7\u30b7\u30e7\u30f3\u306b\u884c\u304f\u3053\u3068\u304c\u3067\u304d\u307e\u3059\u3002<\/li>\n<\/ul>\n<div class=\"brlbs-cmpnt-container brlbs-cmpnt-content-blocker brlbs-cmpnt-with-individual-styles\" data-borlabs-cookie-content-blocker-id=\"google-maps\" data-borlabs-cookie-content=\"PGlmcmFtZSBzcmM9Imh0dHBzOi8vd3d3Lmdvb2dsZS5jb20vbWFwcy9lbWJlZC92MS9wbGFjZT9xPUJhY2twYWNrZXJzK0QlQzMlQkNzc2VsZG9yZislQzIlQjcrRiVDMyVCQ3JzdGVud2FsbCsxODArJUMyJUI3KzQwMjE1K0QlQzMlQkNzc2VsZG9yZiZrZXk9QUl6YVN5RDA5elE5UE5ETk55OVRhZE11elJWX1VzUFVvV0tudHQ4IiBhcmlhLWhpZGRlbj0idHJ1ZSI+PC9pZnJhbWU+\">\n<div class=\"brlbs-cmpnt-cb-preset-b brlbs-cmpnt-cb-google-maps\">\n<div class=\"brlbs-cmpnt-cb-thumbnail\" style=\"background-image: url('https:\/\/hostel-duesseldorf.de\/wp-content\/uploads\/borlabs-cookie\/1\/brlbs-cb-google-maps-main.png')\"><\/div>\n<div class=\"brlbs-cmpnt-cb-main\">\n<div class=\"brlbs-cmpnt-cb-content\">\n<p class=\"brlbs-cmpnt-cb-description\">You are currently viewing a placeholder content from <strong>Google Maps<\/strong>. To access the actual content, click the button below. Please note that doing so will share data with third-party providers.<\/p>\n<p> <a class=\"brlbs-cmpnt-cb-provider-toggle\" href=\"#\" data-borlabs-cookie-show-provider-information role=\"button\">More Information<\/a> <\/div>\n<div class=\"brlbs-cmpnt-cb-buttons\"> <a class=\"brlbs-cmpnt-cb-btn\" href=\"#\" data-borlabs-cookie-unblock role=\"button\">Unblock content<\/a> <a class=\"brlbs-cmpnt-cb-btn\" href=\"#\" data-borlabs-cookie-accept-service role=\"button\" style=\"display: none\">Accept required service and unblock content<\/a> <\/div>\n<\/p><\/div>\n<\/p><\/div>\n<\/div>\n","protected":false},"excerpt":{"rendered":"<p>\u30db\u30b9\u30c6\u30eb\u60c5\u5831 \u30a2\u30c9\u30ec\u30b9 Backpackers D\u00fcsseldorf F\u00fcrstenwall 180 40215 D\u00fcsseldorf \u96fb\u8a71: +49 211 3020848 (\u30ce\u30fc\u30d5\u30a1\u30c3\u30af\u30b9) \u30aa\u30d5\u30a3\u30b9\u306e\u55b6\u696d\u6642\u9593 \u5348\u524d [&hellip;]<\/p>\n","protected":false},"author":1,"featured_media":0,"parent":0,"menu_order":4,"comment_status":"closed","ping_status":"closed","template":"","meta":{"_acf_changed":false,"footnotes":""},"class_list":["post-1126","page","type-page","status-publish","hentry"],"acf":[],"_links":{"self":[{"href":"https:\/\/hostel-duesseldorf.de\/ja\/wp-json\/wp\/v2\/pages\/1126","targetHints":{"allow":["GET"]}}],"collection":[{"href":"https:\/\/hostel-duesseldorf.de\/ja\/wp-json\/wp\/v2\/pages"}],"about":[{"href":"https:\/\/hostel-duesseldorf.de\/ja\/wp-json\/wp\/v2\/types\/page"}],"author":[{"embeddable":true,"href":"https:\/\/hostel-duesseldorf.de\/ja\/wp-json\/wp\/v2\/users\/1"}],"replies":[{"embeddable":true,"href":"https:\/\/hostel-duesseldorf.de\/ja\/wp-json\/wp\/v2\/comments?post=1126"}],"version-history":[{"count":0,"href":"https:\/\/hostel-duesseldorf.de\/ja\/wp-json\/wp\/v2\/pages\/1126\/revisions"}],"wp:attachment":[{"href":"https:\/\/hostel-duesseldorf.de\/ja\/wp-json\/wp\/v2\/media?parent=1126"}],"curies":[{"name":"wp","href":"https:\/\/api.w.org\/{rel}","templated":true}]}}