{"id":861,"date":"2021-10-18T11:04:46","date_gmt":"2021-10-18T11:04:46","guid":{"rendered":"https:\/\/hostel-duesseldorf.de\/?page_id=861"},"modified":"2023-01-26T11:46:56","modified_gmt":"2023-01-26T11:46:56","slug":"reservation","status":"publish","type":"page","link":"https:\/\/hostel-duesseldorf.de\/fr\/reservation\/","title":{"rendered":"R\u00e9servation"},"content":{"rendered":"\n\n\t\t<h3>R\u00e9servation via Cloudbeds<\/h3>\t\t\n\t\t\tR\u00e9servation obligatoire<br \/>\nNous nous r\u00e9servons le droit de bloquer le montant de la premi\u00e8re nuit sur la carte, merci de veiller \u00e0 ce que la carte de cr\u00e9dit\/d\u00e9bit soit suffisamment approvisionn\u00e9e.\n<p><a href=\"\/fr\/cgv\/\" rel=\"noopener\">Nos CGV (uniquement en allemand) \u00bb<\/a><\/p>\n\t\t\t\t<img decoding=\"async\" src=\"https:\/\/hostel-duesseldorf.de\/wp-content\/themes\/backpackers\/assets\/img\/cloudbeds.svg\" alt=\"cloudbeds.svg\" itemprop=\"image\" title=\"cloudbeds.svg\" onerror=\"this.style.display='none'\"  \/>\n<h3>\n\t\tContact\n\t<\/h3>\n\t\t\t<a href=\"mailto:info@backpackers-duesseldorf.de\" target=\"_self\" role=\"button\" rel=\"noopener\">\n\t\t\t\t\t\tContact par e-mail\n\t\t\t\t\t<\/a>\n\n","protected":false},"excerpt":{"rendered":"<p>R\u00e9servation via Cloudbeds R\u00e9servation obligatoire Nous nous r\u00e9servons le droit de bloquer le montant de la premi\u00e8re nuit sur la carte, merci de veiller \u00e0 ce que la carte de cr\u00e9dit\/d\u00e9bit soit suffisamment approvisionn\u00e9e. Nos CGV (uniquement en allemand) \u00bb Contact Contact par e-mail<\/p>\n","protected":false},"author":1,"featured_media":0,"parent":0,"menu_order":6,"comment_status":"closed","ping_status":"closed","template":"","meta":{"_acf_changed":false,"footnotes":""},"class_list":["post-861","page","type-page","status-publish","hentry"],"acf":[],"_links":{"self":[{"href":"https:\/\/hostel-duesseldorf.de\/fr\/wp-json\/wp\/v2\/pages\/861","targetHints":{"allow":["GET"]}}],"collection":[{"href":"https:\/\/hostel-duesseldorf.de\/fr\/wp-json\/wp\/v2\/pages"}],"about":[{"href":"https:\/\/hostel-duesseldorf.de\/fr\/wp-json\/wp\/v2\/types\/page"}],"author":[{"embeddable":true,"href":"https:\/\/hostel-duesseldorf.de\/fr\/wp-json\/wp\/v2\/users\/1"}],"replies":[{"embeddable":true,"href":"https:\/\/hostel-duesseldorf.de\/fr\/wp-json\/wp\/v2\/comments?post=861"}],"version-history":[{"count":3,"href":"https:\/\/hostel-duesseldorf.de\/fr\/wp-json\/wp\/v2\/pages\/861\/revisions"}],"predecessor-version":[{"id":1436,"href":"https:\/\/hostel-duesseldorf.de\/fr\/wp-json\/wp\/v2\/pages\/861\/revisions\/1436"}],"wp:attachment":[{"href":"https:\/\/hostel-duesseldorf.de\/fr\/wp-json\/wp\/v2\/media?parent=861"}],"curies":[{"name":"wp","href":"https:\/\/api.w.org\/{rel}","templated":true}]}}