{"id":830,"date":"2021-10-18T10:51:51","date_gmt":"2021-10-18T10:51:51","guid":{"rendered":"https:\/\/hostel-duesseldorf.de\/?page_id=830"},"modified":"2023-11-13T12:30:52","modified_gmt":"2023-11-13T12:30:52","slug":"prix","status":"publish","type":"page","link":"https:\/\/hostel-duesseldorf.de\/fr\/prix\/","title":{"rendered":"Prix"},"content":{"rendered":"\n\n\t\t\t\t\t\t<a href=\"\/fr\/reservation\/\" target=\"_self\" rel=\"noopener\">\n\t\t\t\t\t\t\t<img decoding=\"async\" src=\"https:\/\/hostel-duesseldorf.de\/wp-content\/uploads\/2021\/09\/backpacker-6-bett-zimmer-870-1024x576.jpg\" alt=\"6-Bett Zimmer\" \/>\n\t\t\t\t\t\t<\/a>\n\t\t<h3>Chambre \u00e0 6 lits<\/h3>\n\t\t\t<h6>21,50 \u20ac<\/h6><p>du dimanche au jeudi &#8211; par nuit<h6>23,00 \u20ac<\/h6>les vendredis ou les samedis &#8211; par nuit<h6>112,00 \u20ac<\/h6>Prix du forfait 7 nuits<h6>435,00 \u20ac<\/h6>Prix du forfait 30 nuits<\/p>\t\t\n\t\t\t\t<a href=\"\/fr\/reservation\/\" role=\"button\" target=\"_self\" rel=\"noopener\">\n\t\t\t\t\t\t\t\t\t\tR\u00e9servation\t\t\t\t\t\t\t\t\t<\/a>\n\t\t\t\t\t\t<a href=\"\/fr\/reservation\/\" target=\"_self\" rel=\"noopener\">\n\t\t\t\t\t\t\t<img decoding=\"async\" src=\"https:\/\/hostel-duesseldorf.de\/wp-content\/uploads\/2021\/09\/backpacker-6-bett-zimmer-870-1024x576.jpg\" alt=\"6-Bett Zimmer\" \/>\n\t\t\t\t\t\t<\/a>\n\t\t<h3>Chambre \u00e0 4 lits<\/h3>\n\t\t\t<h6>\u00e0 partir de 23,50 \u20ac<\/h6><p>du dimanche au jeudi &#8211; par nuit<h6>\u00e0 partir de 25,00 \u20ac<\/h6>les vendredis ou les samedis &#8211; par nuit<\/p>\t\t\n\t\t\t\t<a href=\"\/fr\/reservation\/\" role=\"button\" target=\"_self\" rel=\"noopener\">\n\t\t\t\t\t\t\t\t\t\tR\u00e9servation\t\t\t\t\t\t\t\t\t<\/a>\n\t\t\t\t\t\t<a href=\"\/fr\/reservation\/\" target=\"_self\" rel=\"noopener\">\n\t\t\t\t\t\t\t<img decoding=\"async\" src=\"https:\/\/hostel-duesseldorf.de\/wp-content\/uploads\/2022\/02\/2-Bettzimmer-neu-1024x576.jpg\" alt=\"2-Bettzimmer-neu\" \/>\n\t\t\t\t\t\t<\/a>\n\t\t<h3>Chambre \u00e0 2 lits<\/h3>\n\t\t\t<h6>\u00e0 partir de 51,00 \u20ac<\/h6><p>du dimanche au jeudi &#8211; par nuit<br \/>(chambre enti\u00e8re avec deux lits simples)<h6>\u00e0 partir de 61,00 \u20ac<\/h6>les vendredis ou les samedis &#8211; par nuit<br \/>(chambre enti\u00e8re avec deux lits simples)<\/p>\t\t\n\t\t\t\t<a href=\"\/fr\/reservation\/\" role=\"button\" target=\"_self\" rel=\"noopener\">\n\t\t\t\t\t\t\t\t\t\tBuchung\t\t\t\t\t\t\t\t\t<\/a>\n<h3>\n\t\tLes prix comprennent\n\t<\/h3>\n\t<ul>\n\t\t\t<li>\n\t\t\t\t1 petit d\u00e9jeuner avec caf\u00e9, th\u00e9, cacao, pain, confiture, miel, p\u00e2te \u00e0 tartiner aux noix, fromage frais, muesli, cornflakes (8h00 &#8211; 10h45)\n\t\t\t<\/li>\n\t\t\t<li>\n\t\t\t\tLinge de lit inclus\n\t\t\t<\/li>\n\t\t\t<li>\n\t\t\t\tUtilisation de la cuisine des invit\u00e9s (en continu)\n\t\t\t<\/li>\n\t\t\t<li>\n\t\t\t\tpetite serviette incluse (50cm x 100cm)\n\t\t\t<\/li>\n\t\t\t<li>\n\t\t\t\tInstallations sanitaires (aux \u00e9tages)\n\t\t\t<\/li>\n\t\t\t<li>\n\t\t\t\tUtilisation de l&rsquo;internet 24h\/24 et 7j\/7 (WiFi haut d\u00e9bit)\n\t\t\t<\/li>\n\t\t\t<li>\n\t\t\t\tIl est possible de se garer dans le Q-Park Kirchplatz > <a target=\"_blank\" href=\"https:\/\/www.q-park.de\/de-de\/staedte\/d%C3%BCsseldorf\/kirchplatz\/\" rel=\"noopener\">Parking souterrain Kirchplatz D\u00fcsseldorf | Q-Park<\/a>\n\t\t\t<\/li>\n\t\t\t<li>\n\t\t\t\tLes chambres sont pr\u00eates \u00e0 \u00eatre occup\u00e9es \u00e0 partir de 14 heures (possibilit\u00e9 d&rsquo;arriver plus t\u00f4t).\n\t\t\t<\/li>\n\t\t\t<li>\n\t\t\t\tPas d&rsquo;heures de fermeture pour les clients\n\t\t\t<\/li>\n\t\t\t<li>\n\t\t\t\tVous pouvez enfermer vos sacs \u00e0 dos dans des casiers avec un cadenas dans la plupart des salles. Des casiers \u00e0 objets de valeur sont \u00e9galement disponibles. \n\t\t\t<\/li>\n\t\t<\/ul>\n\t\t\t\t<img loading=\"lazy\" decoding=\"async\" src=\"https:\/\/hostel-duesseldorf.de\/wp-content\/uploads\/2021\/09\/backpacker-youth-hostel-888-1024x576.jpg\" alt=\"backpacker-youth-hostel-888\" itemprop=\"image\" height=\"576\" width=\"1024\" title=\"backpacker-youth-hostel-888\" onerror=\"this.style.display='none'\"  \/>\n<h3>\n\t\tVeuillez noter\n\t<\/h3>\n\t<ul>\n\t\t\t<li>\n\t\t\t\t\u00c0 partir du 1er janvier 2024, la ville de D\u00fcsseldorf pr\u00e9l\u00e8vera une taxe touristique \/ Citytax \/ taxe sur les lits de 3,00\u20ac par personne et par nuit, que nous devrons encaisser.\n\t\t\t<\/li>\n\t\t\t<li>\n\t\t\t\tTous les prix sont par personne (lit).\n\t\t\t<\/li>\n\t\t\t<li>\n\t\t\t\tLe paiement doit \u00eatre effectu\u00e9 \u00e0 l&rsquo;arriv\u00e9e.\n\t\t\t<\/li>\n\t\t\t<li>\n\t\t\t\t<strong>Nous acceptons les esp\u00e8ces, EC, Maestro, Visa, Mastercard, Paypal.<\/strong>\n\t\t\t<\/li>\n\t\t\t<li>\n\t\t\t\tLes prix peuvent varier lors d&rsquo;\u00e9v\u00e9nements sp\u00e9ciaux et de foires commerciales.\n\t\t\t<\/li>\n\t\t\t<li>\n\t\t\t\tDes r\u00e9servations ont \u00e9t\u00e9 faites pour des foires commerciales ou des \u00e9v\u00e9nements sp\u00e9ciaux (toujours reconnaissables par les prix des lits qui diff\u00e8rent de la liste des prix) : Pas de frais d&rsquo;annulation jusqu&rsquo;\u00e0 quatre semaines avant l&rsquo;arriv\u00e9e, ensuite 90 % des services convenus.\n\t\t\t<\/li>\n\t\t\t<li>\n\t\t\t\tR\u00e9servations de groupe (\u00e0 partir de trois personnes) : jusqu&rsquo;\u00e0 trois semaines avant l&rsquo;arriv\u00e9e, pas de frais d&rsquo;annulation, ensuite 90 % des prestations convenues.\n\t\t\t<\/li>\n\t\t\t<li>\n\t\t\t\tR\u00e9servations individuelles : Jusqu&rsquo;\u00e0 deux jours avant l&rsquo;arriv\u00e9e, pas de frais d&rsquo;annulation, \u00e0 partir de deux jours (apr\u00e8s 12 heures), 90 % des prestations convenues. Les nuit\u00e9es qui n&rsquo;ont pas \u00e9t\u00e9 utilis\u00e9es ou annul\u00e9es seront factur\u00e9es \u00e0 100 % de l&rsquo;arrangement.\n\t\t\t<\/li>\n\t\t\t<li>\n\t\t\t\tLes chambres ne sont PAS s\u00e9par\u00e9es par sexe.\n\t\t\t<\/li>\n\t\t\t<li>\n\t\t\t\tMaison non fumeur\n\t\t\t<\/li>\n\t\t\t<li>\n\t\t\t\t<a target=\"_blank\" href=\"\/fr\/cgv\/\" rel=\"noopener\">CGV (seulement en allemand) \u00bb<\/a>\n\t\t\t<\/li>\n\t\t<\/ul>\n\t\t\t\t<img loading=\"lazy\" decoding=\"async\" src=\"https:\/\/hostel-duesseldorf.de\/wp-content\/uploads\/2021\/09\/backpacker-pension-impression-875-1024x576.jpg\" alt=\"backpacker-pension-impression-875\" itemprop=\"image\" height=\"576\" width=\"1024\" title=\"backpacker-pension-impression-875\" onerror=\"this.style.display='none'\"  \/>\n\n","protected":false},"excerpt":{"rendered":"<p>Chambre \u00e0 6 lits 21,50 \u20ac du dimanche au jeudi &#8211; par nuit 23,00 \u20ac les vendredis ou les samedis &#8211; par nuit 112,00 \u20ac Prix du forfait 7 nuits 435,00 \u20ac Prix du forfait 30 nuits R\u00e9servation Chambre \u00e0 4 lits \u00e0 partir de 23,50 \u20ac du dimanche au jeudi &#8211; par nuit \u00e0 [&hellip;]<\/p>\n","protected":false},"author":1,"featured_media":0,"parent":0,"menu_order":2,"comment_status":"closed","ping_status":"closed","template":"","meta":{"_acf_changed":false,"footnotes":""},"class_list":["post-830","page","type-page","status-publish","hentry"],"acf":[],"_links":{"self":[{"href":"https:\/\/hostel-duesseldorf.de\/fr\/wp-json\/wp\/v2\/pages\/830","targetHints":{"allow":["GET"]}}],"collection":[{"href":"https:\/\/hostel-duesseldorf.de\/fr\/wp-json\/wp\/v2\/pages"}],"about":[{"href":"https:\/\/hostel-duesseldorf.de\/fr\/wp-json\/wp\/v2\/types\/page"}],"author":[{"embeddable":true,"href":"https:\/\/hostel-duesseldorf.de\/fr\/wp-json\/wp\/v2\/users\/1"}],"replies":[{"embeddable":true,"href":"https:\/\/hostel-duesseldorf.de\/fr\/wp-json\/wp\/v2\/comments?post=830"}],"version-history":[{"count":8,"href":"https:\/\/hostel-duesseldorf.de\/fr\/wp-json\/wp\/v2\/pages\/830\/revisions"}],"predecessor-version":[{"id":1479,"href":"https:\/\/hostel-duesseldorf.de\/fr\/wp-json\/wp\/v2\/pages\/830\/revisions\/1479"}],"wp:attachment":[{"href":"https:\/\/hostel-duesseldorf.de\/fr\/wp-json\/wp\/v2\/media?parent=830"}],"curies":[{"name":"wp","href":"https:\/\/api.w.org\/{rel}","templated":true}]}}