{"id":826,"date":"2021-10-18T10:40:45","date_gmt":"2021-10-18T10:40:45","guid":{"rendered":"https:\/\/hostel-duesseldorf.de\/?page_id=826"},"modified":"2023-11-13T09:44:39","modified_gmt":"2023-11-13T09:44:39","slug":"a-propos","status":"publish","type":"page","link":"https:\/\/hostel-duesseldorf.de\/fr\/a-propos\/","title":{"rendered":"\u00c0 propos"},"content":{"rendered":"\n\n\t<p>Que vous soyez loin de chez vous, de passage, \u00e0 un salon ou en d\u00e9placement, nous sommes \u00e0 votre disposition. \u00c0 l&rsquo;avenir \u00e9galement, de mani\u00e8re informelle et libre &#8211; et nous le pensons litt\u00e9ralement.<\/p>\n<p>Vous pouvez utiliser la cuisine commune \u00e9quip\u00e9e, regarder la t\u00e9l\u00e9vision dans notre coin canap\u00e9, jouer \u00e0 divers jeux, lire ou discuter avec d&rsquo;autres clients dans la grande salle commune.<\/p>\n<p>L&rsquo;espace et la tranquillit\u00e9 n\u00e9cessaires &#8211; notamment pour les nomades num\u00e9riques gr\u00e2ce au r\u00e9seau WLAN \u00e0 haut d\u00e9bit &#8211; sont mis gratuitement \u00e0 la disposition de nos h\u00f4tes dans toute la maison et dans la cour.<\/p>\n<p>Dans notre distributeur de boissons et de snacks, vous trouverez des boissons rafra\u00eechissantes, des grignotages sucr\u00e9s et des petits en-cas.<\/p>\n<p>Des plans de la ville, des informations sur l&rsquo;art et la culture et des guides d&rsquo;achat sont disponibles dans la zone d&rsquo;entr\u00e9e.<\/p>\n<p>Pour les besoins quotidiens, des \u00e9piceries, des kiosques, des distributeurs automatiques de billets, des pharmacies et des pizzerias se trouvent \u00e0 moins de 5 minutes de marche. Contrairement \u00e0 ce qui se passe dans de nombreuses villes, il est parfois possible de faire du shopping ici jusqu&rsquo;\u00e0 minuit.<\/p>\n<p>Nous avons d\u00e9lib\u00e9r\u00e9ment renonc\u00e9 \u00e0 un bar interne, car nous pensons que la vieille ville et le port sont suffisamment excitants et que ce devrait \u00eatre un endroit o\u00f9 l&rsquo;on peut s&rsquo;asseoir, se d\u00e9tendre et prendre une grande respiration.<\/p>\n<p>Avez-vous des suggestions int\u00e9ressantes ? Nous attendons vos id\u00e9es avec impatience !<\/p>\n\t\t\t\t<img loading=\"lazy\" decoding=\"async\" src=\"https:\/\/hostel-duesseldorf.de\/wp-content\/uploads\/2021\/09\/backpacker-hostel-downtown-884-576x1024.jpg\" alt=\"backpacker-hostel-downtown-884\" itemprop=\"image\" height=\"1024\" width=\"576\" title=\"backpacker-hostel-downtown-884\" onerror=\"this.style.display='none'\"  \/>\n<h2>\n\t\tPrestations\n\t<\/h2>\n\t<ul>\n\t\t\t<li>\n\t\t\t\tPetit-d\u00e9jeuner inclus (8:00 &#8211; 10:45)\n\t\t\t<\/li>\n\t\t\t<li>\n\t\t\t\tLe linge de lit inclus\n\t\t\t<\/li>\n\t\t\t<li>\n\t\t\t\tCuisine gratuite pour les invit\u00e9s (partout)\n\t\t\t<\/li>\n\t\t\t<li>\n\t\t\t\tpetite serviette incluse (50cm x 100cm)\n\t\t\t<\/li>\n\t\t\t<li>\n\t\t\t\tInstallations sanitaires aux \u00e9tages\n\t\t\t<\/li>\n\t\t\t<li>\n\t\t\t\tUtilisation de l&rsquo;internet 24h\/24 et 7j\/7 (WiFi haut d\u00e9bit)\n\t\t\t<\/li>\n\t\t\t<li>\n\t\t\t\tUtilisation de l&rsquo;espace bureau calme avec des bureaux et de l&rsquo;\u00e9lectricit\u00e9 pour vos ordinateurs.\n\t\t\t<\/li>\n\t\t\t<li>\n\t\t\t\tEmplacement id\u00e9al et liaisons de transport optimales<br \/>(seulement 15 minutes \u00e0 pied de la vieille ville ou de la gare centrale)\n\t\t\t<\/li>\n\t\t\t<li>\n\t\t\t\tIl est possible de se garer dans le Q-Park Kirchplatz > <a target=\"_blank\" href=\"https:\/\/www.q-park.de\/de-de\/staedte\/d%C3%BCsseldorf\/kirchplatz\/\" rel=\"noopener\">Parking souterrain Kirchplatz D\u00fcsseldorf | Q-Park<\/a>\n\t\t\t<\/li>\n\t\t\t<li>\n\t\t\t\tChambre pr\u00eate \u00e0 \u00eatre occup\u00e9e \u00e0 partir de 14 heures<br \/>(Arriv\u00e9e plus t\u00f4t possible) \n\t\t\t<\/li>\n\t\t\t<li>\n\t\t\t\tPas d&rsquo;heures de fermeture pour les clients\n\t\t\t<\/li>\n\t\t\t<li>\n\t\t\t\tBagagerie ou casiers gratuits\n\t\t\t<\/li>\n\t\t\t<li>\n\t\t\t\tMaison non-fumeur\n\t\t\t<\/li>\n\t\t\t<li>\n\t\t\t\tChambres NON s\u00e9par\u00e9es par sexe\n\t\t\t<\/li>\n\t\t\t<li>\n\t\t\t\tpersonnel multilingue\n\t\t\t<\/li>\n\t\t<\/ul>\n\t\t\t\t<img loading=\"lazy\" decoding=\"async\" src=\"https:\/\/hostel-duesseldorf.de\/wp-content\/uploads\/2021\/09\/backpacker-hostel-art-and-style-892.jpg\" alt=\"backpacker-hostel-art-and-style-892\" itemprop=\"image\" height=\"1081\" width=\"1920\" title=\"backpacker-hostel-art-and-style-892\" onerror=\"this.style.display='none'\"  \/>\n\t\t\t\t<img loading=\"lazy\" decoding=\"async\" src=\"https:\/\/hostel-duesseldorf.de\/wp-content\/uploads\/2021\/09\/backpacker-speiseraum-886.jpg\" alt=\"backpacker-speiseraum-886\" itemprop=\"image\" height=\"1080\" width=\"1920\" title=\"backpacker-speiseraum-886\" onerror=\"this.style.display='none'\"  \/>\n\n","protected":false},"excerpt":{"rendered":"<p>Que vous soyez loin de chez vous, de passage, \u00e0 un salon ou en d\u00e9placement, nous sommes \u00e0 votre disposition. \u00c0 l&rsquo;avenir \u00e9galement, de mani\u00e8re informelle et libre &#8211; et nous le pensons litt\u00e9ralement. Vous pouvez utiliser la cuisine commune \u00e9quip\u00e9e, regarder la t\u00e9l\u00e9vision dans notre coin canap\u00e9, jouer \u00e0 divers jeux, lire ou discuter [&hellip;]<\/p>\n","protected":false},"author":1,"featured_media":0,"parent":0,"menu_order":1,"comment_status":"closed","ping_status":"closed","template":"","meta":{"_acf_changed":false,"footnotes":""},"class_list":["post-826","page","type-page","status-publish","hentry"],"acf":[],"_links":{"self":[{"href":"https:\/\/hostel-duesseldorf.de\/fr\/wp-json\/wp\/v2\/pages\/826","targetHints":{"allow":["GET"]}}],"collection":[{"href":"https:\/\/hostel-duesseldorf.de\/fr\/wp-json\/wp\/v2\/pages"}],"about":[{"href":"https:\/\/hostel-duesseldorf.de\/fr\/wp-json\/wp\/v2\/types\/page"}],"author":[{"embeddable":true,"href":"https:\/\/hostel-duesseldorf.de\/fr\/wp-json\/wp\/v2\/users\/1"}],"replies":[{"embeddable":true,"href":"https:\/\/hostel-duesseldorf.de\/fr\/wp-json\/wp\/v2\/comments?post=826"}],"version-history":[{"count":4,"href":"https:\/\/hostel-duesseldorf.de\/fr\/wp-json\/wp\/v2\/pages\/826\/revisions"}],"predecessor-version":[{"id":1463,"href":"https:\/\/hostel-duesseldorf.de\/fr\/wp-json\/wp\/v2\/pages\/826\/revisions\/1463"}],"wp:attachment":[{"href":"https:\/\/hostel-duesseldorf.de\/fr\/wp-json\/wp\/v2\/media?parent=826"}],"curies":[{"name":"wp","href":"https:\/\/api.w.org\/{rel}","templated":true}]}}