{"id":762,"date":"2021-10-18T09:23:07","date_gmt":"2021-10-18T09:23:07","guid":{"rendered":"https:\/\/hostel-duesseldorf.de\/?page_id=762"},"modified":"2022-04-04T08:20:40","modified_gmt":"2022-04-04T08:20:40","slug":"accueil","status":"publish","type":"page","link":"https:\/\/hostel-duesseldorf.de\/fr\/","title":{"rendered":"Accueil"},"content":{"rendered":"\n<h2>Prix<\/h2>\n<p>Vous trouverez ici toutes les informations sur les prix de nos logements. Les prix comprennent, par exemple, un petit d\u00e9jeuner avec caf\u00e9, th\u00e9, cacao, pain, confiture et miel \u2026<\/p>\n<p>\t\t\t\t<a href=\"\/fr\/prix\/\" role=\"button\" target=\"_self\"><br \/>\n\t\t\t\t\t\t\t\t\t\tlire plus\t\t\t\t\t\t\t\t\t<\/a><\/p>\n<h2>Photos<\/h2>\n<p>Jetez-y un coup d&rsquo;\u0153il et faites-vous une premi\u00e8re impression ! Vous y trouverez un aper\u00e7u des diff\u00e9rentes salles et bien plus encore \u2026<\/p>\n<p>\t\t\t\t<a href=\"\/fr\/photos\/\" role=\"button\" target=\"_self\"><br \/>\n\t\t\t\t\t\t\t\t\t\tlire plus\t\t\t\t\t\t\t\t\t<\/a><\/p>\n<h2>R\u00e9servation<\/h2>\n<p>Toujours requis pour les arriv\u00e9es de nuit, les groupes (3 personnes ou plus) et en g\u00e9n\u00e9ral toujours si une carte de cr\u00e9dit est disponible.<\/p>\n<p>\t\t\t\t<a href=\"\/fr\/reservation\/\" role=\"button\" target=\"_self\"><br \/>\n\t\t\t\t\t\t\t\t\t\tlire plus\t\t\t\t\t\t\t\t\t<\/a><\/p>\n<div class=\"brlbs-cmpnt-container brlbs-cmpnt-content-blocker brlbs-cmpnt-with-individual-styles\" data-borlabs-cookie-content-blocker-id=\"google-maps\" data-borlabs-cookie-content=\"PGlmcmFtZSBzcmM9Imh0dHBzOi8vd3d3Lmdvb2dsZS5jb20vbWFwcy9lbWJlZC92MS9wbGFjZT9xPUJhY2twYWNrZXJzK0QlQzMlQkNzc2VsZG9yZislQzIlQjcrRiVDMyVCQ3JzdGVud2FsbCsxODArJUMyJUI3KzQwMjE1K0QlQzMlQkNzc2VsZG9yZiZrZXk9QUl6YVN5RDA5elE5UE5ETk55OVRhZE11elJWX1VzUFVvV0tudHQ4IiBhcmlhLWhpZGRlbj0idHJ1ZSI+PC9pZnJhbWU+\">\n<div class=\"brlbs-cmpnt-cb-preset-b brlbs-cmpnt-cb-google-maps\">\n<div class=\"brlbs-cmpnt-cb-thumbnail\" style=\"background-image: url('https:\/\/hostel-duesseldorf.de\/wp-content\/uploads\/borlabs-cookie\/1\/brlbs-cb-google-maps-main.png')\"><\/div>\n<div class=\"brlbs-cmpnt-cb-main\">\n<div class=\"brlbs-cmpnt-cb-content\">\n<p class=\"brlbs-cmpnt-cb-description\">Vous \u00eates actuellement en train de consulter le contenu d&rsquo;un espace r\u00e9serv\u00e9 de <strong>Google Maps<\/strong>. Pour acc\u00e9der au contenu r\u00e9el, cliquez sur le bouton ci-dessous. Veuillez noter que ce faisant, des donn\u00e9es seront partag\u00e9es avec des providers tiers.<\/p>\n<p> <a class=\"brlbs-cmpnt-cb-provider-toggle\" href=\"#\" data-borlabs-cookie-show-provider-information role=\"button\">Plus d&rsquo;informations<\/a> <\/div>\n<div class=\"brlbs-cmpnt-cb-buttons\"> <a class=\"brlbs-cmpnt-cb-btn\" href=\"#\" data-borlabs-cookie-unblock role=\"button\">D\u00e9bloquer le contenu<\/a> <a class=\"brlbs-cmpnt-cb-btn\" href=\"#\" data-borlabs-cookie-accept-service role=\"button\" style=\"display: inherit\">Accepter le service requis et d\u00e9bloquer les contenus<\/a> <\/div>\n<\/p><\/div>\n<\/p><\/div>\n<\/div>\n","protected":false},"excerpt":{"rendered":"<p>Prix Vous trouverez ici toutes les informations sur les prix de nos logements. Les prix comprennent, par exemple, un petit d\u00e9jeuner avec caf\u00e9, th\u00e9, cacao, pain, confiture et miel \u2026 lire plus Photos Jetez-y un coup d&rsquo;\u0153il et faites-vous une premi\u00e8re impression ! Vous y trouverez un aper\u00e7u des diff\u00e9rentes salles et bien plus encore [&hellip;]<\/p>\n","protected":false},"author":1,"featured_media":0,"parent":0,"menu_order":0,"comment_status":"closed","ping_status":"closed","template":"","meta":{"_acf_changed":false,"footnotes":""},"class_list":["post-762","page","type-page","status-publish","hentry"],"acf":[],"_links":{"self":[{"href":"https:\/\/hostel-duesseldorf.de\/fr\/wp-json\/wp\/v2\/pages\/762","targetHints":{"allow":["GET"]}}],"collection":[{"href":"https:\/\/hostel-duesseldorf.de\/fr\/wp-json\/wp\/v2\/pages"}],"about":[{"href":"https:\/\/hostel-duesseldorf.de\/fr\/wp-json\/wp\/v2\/types\/page"}],"author":[{"embeddable":true,"href":"https:\/\/hostel-duesseldorf.de\/fr\/wp-json\/wp\/v2\/users\/1"}],"replies":[{"embeddable":true,"href":"https:\/\/hostel-duesseldorf.de\/fr\/wp-json\/wp\/v2\/comments?post=762"}],"version-history":[{"count":2,"href":"https:\/\/hostel-duesseldorf.de\/fr\/wp-json\/wp\/v2\/pages\/762\/revisions"}],"predecessor-version":[{"id":1341,"href":"https:\/\/hostel-duesseldorf.de\/fr\/wp-json\/wp\/v2\/pages\/762\/revisions\/1341"}],"wp:attachment":[{"href":"https:\/\/hostel-duesseldorf.de\/fr\/wp-json\/wp\/v2\/media?parent=762"}],"curies":[{"name":"wp","href":"https:\/\/api.w.org\/{rel}","templated":true}]}}