{"id":991,"date":"2021-10-18T12:52:11","date_gmt":"2021-10-18T12:52:11","guid":{"rendered":"https:\/\/hostel-duesseldorf.de\/?page_id=991"},"modified":"2021-10-18T16:00:54","modified_gmt":"2021-10-18T16:00:54","slug":"avenida","status":"publish","type":"page","link":"https:\/\/hostel-duesseldorf.de\/es\/avenida\/","title":{"rendered":"Avenida"},"content":{"rendered":"<h2>\n\t\tInformaci\u00f3n del albergue<br \/>\n\t<\/h2>\n<h5>Direcci\u00f3n<\/h5>\n<p>Backpackers D\u00fcsseldorf<br \/>\nF\u00fcrstenwall 180<br \/>\n40215 D\u00fcsseldorf<br \/>\nFon: <a href=\"tel:+492113020848\">+49 211 3020848<\/a> (sin fax)<br \/>\nHorario de oficina: 8 &#8211; 12 h<\/p>\n<h5>Horarios de apertura<\/h5>\n<p>Recepci\u00f3n: 8:00 &#8211; 22:00 horas<br \/>\nCocina para invitados: 8:00 &#8211; 22:00 hrs.<br \/>\nDesayuno: 8:00 &#8211; 10:45 a.m.<br \/>\nRegistro de entrada: 14:00 &#8211; 22:00 hrs<br \/>\n(Registro nocturno s\u00f3lo con acuerdo previo)<br \/>\nCheck-Out hasta las 11:00 h.<\/p>\n<h2>\n\t\tDirecciones<br \/>\n\t<\/h2>\n<h5>C\u00f3mo llegar desde el aeropuerto de Weeze (Ryan Air)<\/h5>\n<p><a href=\"https:\/\/airport-weeze.com\/how-to-get-to-the-airport\/?lang=en\" target=\"_blank\" rel=\"noopener\">Llegada y salida<\/a><\/p>\n<h5>C\u00f3mo llegar desde el aeropuerto internacional de D\u00fcsseldorf a la estaci\u00f3n central de D\u00fcsseldorf (Hbf)<\/h5>\n<p>S-Bahn n\u00famero 11 \/ S11 (aprox. 14 min.)<br \/>\n<a href=\"https:\/\/www.dus.com\/en\/inform\/for-a-safe-journey\" target=\"_blank\" rel=\"noopener\">Llegada y salida<\/a><\/p>\n<h5>Desde la estaci\u00f3n central de D\u00fcsseldorf (Hbf) hasta nosotros<\/h5>\n<ul>\n<li>Autob\u00fas n\u00famero 732 en direcci\u00f3n a Hafen\/Lausward &#8211; sale de la estaci\u00f3n principal cerca del and\u00e9n 10 (en la Sparkasse)<\/li>\n<li>Tras unos 6 minutos, b\u00e1jese en la parada Corneliusstra\u00dfe<\/li>\n<li>Camine por F\u00fcrstenwall hacia Kirchplatz durante unos 2 minutos<\/li>\n<li>en el n\u00famero 180 de F\u00fcrstenwall (lado derecho) est\u00e1 usted<\/li>\n<\/ul>\n<h5>En el sitio<\/h5>\n<ul>\n<li>Si ha recibido un c\u00f3digo para su llegada por correo electr\u00f3nico, utilice la puerta de entrada blanca (el teclado para el PIN est\u00e1 al lado del timbre).<\/li>\n<li>Si la puerta del patio est\u00e1 abierta, puede atravesar el patio directamente hasta la zona de recepci\u00f3n.<\/li>\n<\/ul>\n<div class=\"brlbs-cmpnt-container brlbs-cmpnt-content-blocker brlbs-cmpnt-with-individual-styles\" data-borlabs-cookie-content-blocker-id=\"google-maps\" data-borlabs-cookie-content=\"PGlmcmFtZSBzcmM9Imh0dHBzOi8vd3d3Lmdvb2dsZS5jb20vbWFwcy9lbWJlZC92MS9wbGFjZT9xPUJhY2twYWNrZXJzK0QlQzMlQkNzc2VsZG9yZislQzIlQjcrRiVDMyVCQ3JzdGVud2FsbCsxODArJUMyJUI3KzQwMjE1K0QlQzMlQkNzc2VsZG9yZiZrZXk9QUl6YVN5RDA5elE5UE5ETk55OVRhZE11elJWX1VzUFVvV0tudHQ4IiBhcmlhLWhpZGRlbj0idHJ1ZSI+PC9pZnJhbWU+\">\n<div class=\"brlbs-cmpnt-cb-preset-b brlbs-cmpnt-cb-google-maps\">\n<div class=\"brlbs-cmpnt-cb-thumbnail\" style=\"background-image: url('https:\/\/hostel-duesseldorf.de\/wp-content\/uploads\/borlabs-cookie\/1\/brlbs-cb-google-maps-main.png')\"><\/div>\n<div class=\"brlbs-cmpnt-cb-main\">\n<div class=\"brlbs-cmpnt-cb-content\">\n<p class=\"brlbs-cmpnt-cb-description\">Est\u00e1s viendo un contenido de marcador de posici\u00f3n de <strong>Google Maps<\/strong>. Para acceder al contenido real, haz clic en el siguiente bot\u00f3n. Ten en cuenta que al hacerlo compartir\u00e1s datos con terceros proveedores.<\/p>\n<p> <a class=\"brlbs-cmpnt-cb-provider-toggle\" href=\"#\" data-borlabs-cookie-show-provider-information role=\"button\">M\u00e1s informaci\u00f3n<\/a> <\/div>\n<div class=\"brlbs-cmpnt-cb-buttons\"> <a class=\"brlbs-cmpnt-cb-btn\" href=\"#\" data-borlabs-cookie-unblock role=\"button\">Desbloquear contenido<\/a> <a class=\"brlbs-cmpnt-cb-btn\" href=\"#\" data-borlabs-cookie-accept-service role=\"button\" style=\"display: inherit\">Aceptar el servicio requerido y desbloquear los contenidos<\/a> <\/div>\n<\/p><\/div>\n<\/p><\/div>\n<\/div>\n","protected":false},"excerpt":{"rendered":"<p>Informaci\u00f3n del albergue Direcci\u00f3n Backpackers D\u00fcsseldorf F\u00fcrstenwall 180 40215 D\u00fcsseldorf Fon: +49 211 3020848 (sin fax) Horario de oficina: 8 &#8211; 12 h Horarios de apertura Recepci\u00f3n: 8:00 &#8211; 22:00 horas Cocina para invitados: 8:00 &#8211; 22:00 hrs. Desayuno: 8:00 &#8211; 10:45 a.m. Registro de entrada: 14:00 &#8211; 22:00 hrs (Registro nocturno s\u00f3lo con acuerdo [&hellip;]<\/p>\n","protected":false},"author":1,"featured_media":0,"parent":0,"menu_order":4,"comment_status":"closed","ping_status":"closed","template":"","meta":{"_acf_changed":false,"footnotes":""},"class_list":["post-991","page","type-page","status-publish","hentry"],"acf":[],"_links":{"self":[{"href":"https:\/\/hostel-duesseldorf.de\/es\/wp-json\/wp\/v2\/pages\/991","targetHints":{"allow":["GET"]}}],"collection":[{"href":"https:\/\/hostel-duesseldorf.de\/es\/wp-json\/wp\/v2\/pages"}],"about":[{"href":"https:\/\/hostel-duesseldorf.de\/es\/wp-json\/wp\/v2\/types\/page"}],"author":[{"embeddable":true,"href":"https:\/\/hostel-duesseldorf.de\/es\/wp-json\/wp\/v2\/users\/1"}],"replies":[{"embeddable":true,"href":"https:\/\/hostel-duesseldorf.de\/es\/wp-json\/wp\/v2\/comments?post=991"}],"version-history":[{"count":0,"href":"https:\/\/hostel-duesseldorf.de\/es\/wp-json\/wp\/v2\/pages\/991\/revisions"}],"wp:attachment":[{"href":"https:\/\/hostel-duesseldorf.de\/es\/wp-json\/wp\/v2\/media?parent=991"}],"curies":[{"name":"wp","href":"https:\/\/api.w.org\/{rel}","templated":true}]}}