{"id":957,"date":"2021-10-18T12:49:27","date_gmt":"2021-10-18T12:49:27","guid":{"rendered":"https:\/\/hostel-duesseldorf.de\/?page_id=957"},"modified":"2023-11-13T12:31:44","modified_gmt":"2023-11-13T12:31:44","slug":"precios","status":"publish","type":"page","link":"https:\/\/hostel-duesseldorf.de\/es\/precios\/","title":{"rendered":"Precios"},"content":{"rendered":"\n\n\t\t\t\t\t\t<a href=\"\/es\/reservar\/\" target=\"_self\" rel=\"noopener\">\n\t\t\t\t\t\t\t<img decoding=\"async\" src=\"https:\/\/hostel-duesseldorf.de\/wp-content\/uploads\/2021\/09\/backpacker-6-bett-zimmer-870-1024x576.jpg\" alt=\"6-Bett Zimmer\" \/>\n\t\t\t\t\t\t<\/a>\n\t\t<h3>Habitaci\u00f3n de 6 camas<\/h3>\n\t\t\t<h6>desde \u20ac 21,50<\/h6><p>domingo a jueves &#8211; por noche<h6>desde \u20ac 23,00<\/h6>viernes o s\u00e1bado &#8211; por noche<h6>desde \u20ac 112,00<\/h6>Precio del paquete 7 noches<h6>desde \u20ac 435,00<\/h6>Precio del paquete 30 noches<\/p>\t\t\n\t\t\t\t<a href=\"\/es\/reservar\/\" role=\"button\" target=\"_self\" rel=\"noopener\">\n\t\t\t\t\t\t\t\t\t\tReservar\t\t\t\t\t\t\t\t\t<\/a>\n\t\t\t\t\t\t<a href=\"\/es\/reservar\/\" target=\"_self\" rel=\"noopener\">\n\t\t\t\t\t\t\t<img decoding=\"async\" src=\"https:\/\/hostel-duesseldorf.de\/wp-content\/uploads\/2021\/09\/backpacker-6-bett-zimmer-870-1024x576.jpg\" alt=\"6-Bett Zimmer\" \/>\n\t\t\t\t\t\t<\/a>\n\t\t<h3>Habitaci\u00f3n de 4 camas<\/h3>\n\t\t\t<h6>desde \u20ac 23,50<\/h6><p>domingo a jueves &#8211; por noche<h6>desde \u20ac 25,00<\/h6>viernes o s\u00e1bado &#8211; por noche<\/p>\t\t\n\t\t\t\t<a href=\"\/es\/reservar\/\" role=\"button\" target=\"_self\" rel=\"noopener\">\n\t\t\t\t\t\t\t\t\t\tReservar\t\t\t\t\t\t\t\t\t<\/a>\n\t\t\t\t\t\t<a href=\"\/es\/reservar\/\" target=\"_self\" rel=\"noopener\">\n\t\t\t\t\t\t\t<img decoding=\"async\" src=\"https:\/\/hostel-duesseldorf.de\/wp-content\/uploads\/2022\/02\/2-Bettzimmer-neu.jpg\" alt=\"2-Bettzimmer-neu\" \/>\n\t\t\t\t\t\t<\/a>\n\t\t<h3>Habitaci\u00f3n de 2 camas<\/h3>\n\t\t\t<h6>desde \u20ac 51,00<\/h6><p>domingo a jueves &#8211; por noche<br \/>(habitaci\u00f3n completa con dos camas individuales)<h6>desde \u20ac 61,00<\/h6>viernes o s\u00e1bado &#8211; por noche<br \/>(habitaci\u00f3n completa con dos camas individuales)<\/p>\t\t\n\t\t\t\t<a href=\"\/es\/reservar\/\" role=\"button\" target=\"_self\" rel=\"noopener\">\n\t\t\t\t\t\t\t\t\t\tBuchung\t\t\t\t\t\t\t\t\t<\/a>\n<h3>\n\t\tLos precios incluyen\n\t<\/h3>\n\t<ul>\n\t\t\t<li>\n\t\t\t\t1 peque\u00f1o desayuno con caf\u00e9, t\u00e9, cacao, pan, mermelada, miel, frutos secos para untar, queso crema, muesli, copos de ma\u00edz (8:00 &#8211; 10:45 horas)\n\t\t\t<\/li>\n\t\t\t<li>\n\t\t\t\tRopa de cama incluida\n\t\t\t<\/li>\n\t\t\t<li>\n\t\t\t\tUso de la cocina para invitados (todo el d\u00eda)\n\t\t\t<\/li>\n\t\t\t<li>\n\t\t\t\tToalla peque\u00f1a incluida (50cm x 100cm)\n\t\t\t<\/li>\n\t\t\t<li>\n\t\t\t\tinstalaciones sanitarias (en los pisos)\n\t\t\t<\/li>\n\t\t\t<li>\n\t\t\t\tUso de Internet 24\/7 (WiFi de alta velocidad)\n\t\t\t<\/li>\n\t\t\t<li>\n\t\t\t\tSe puede aparcar en el Q-Park Kirchplatz > <a target=\"_blank\" href=\"https:\/\/www.q-park.de\/de-de\/staedte\/d%C3%BCsseldorf\/kirchplatz\/\" rel=\"noopener\">Aparcamiento subterr\u00e1neo Kirchplatz D\u00fcsseldorf | Q-Park<\/a>\n\t\t\t<\/li>\n\t\t\t<li>\n\t\t\t\tHabitaci\u00f3n lista para ser ocupada a partir de las 14:00 horas (es posible llegar antes)\n\t\t\t<\/li>\n\t\t\t<li>\n\t\t\t\tno hay horarios de cierre para los hu\u00e9spedes\n\t\t\t<\/li>\n\t\t\t<li>\n\t\t\t\tPuedes guardar tus mochilas en taquillas con candado en la mayor\u00eda de las habitaciones. Si no, hay taquillas para objetos de valor. \n\t\t\t<\/li>\n\t\t<\/ul>\n\t\t\t\t<img loading=\"lazy\" decoding=\"async\" src=\"https:\/\/hostel-duesseldorf.de\/wp-content\/uploads\/2021\/09\/backpacker-youth-hostel-888-1024x576.jpg\" alt=\"backpacker-youth-hostel-888\" itemprop=\"image\" height=\"576\" width=\"1024\" title=\"backpacker-youth-hostel-888\" onerror=\"this.style.display='none'\"  \/>\n<h3>\n\t\tTenga en cuenta\n\t<\/h3>\n\t<ul>\n\t\t\t<li>\n\t\t\t\tA partir del 1 de enero de 2024, la ciudad de D\u00fcsseldorf cobrar\u00e1 un impuesto tur\u00edstico \/ impuesto municipal \/ impuesto de estancia de 3,00 euros por persona y noche, que deberemos recaudar\n\t\t\t<\/li>\n\t\t\t<li>\n\t\t\t\tTodos los precios son por persona (cama).\n\t\t\t<\/li>\n\t\t\t<li>\n\t\t\t\tEl pago debe realizarse a la llegada.\n\t\t\t<\/li>\n\t\t\t<li>\n\t\t\t\t<strong>Aceptamos efectivo, EC, Maestro, Visa, Mastercard, Paypal.<\/strong>\n\t\t\t<\/li>\n\t\t\t<li>\n\t\t\t\tLos precios pueden variar durante eventos especiales y exposiciones comerciales\/ferias.\n\t\t\t<\/li>\n\t\t\t<li>\n\t\t\t\tSe han hecho reservas para ferias o eventos especiales (siempre reconocibles por los precios de las camas que se desv\u00edan de la lista de precios): Sin gastos de cancelaci\u00f3n hasta cuatro semanas antes de la llegada, a partir de entonces el 90 % de los servicios acordados. \n\t\t\t<\/li>\n\t\t\t<li>\n\t\t\t\tReservas para grupos (a partir de tres personas): Sin gastos de cancelaci\u00f3n hasta tres semanas antes de la llegada, a partir de entonces el 90 % de los servicios acordados.\n\t\t\t<\/li>\n\t\t\t<li>\n\t\t\t\tReservas individuales: Hasta dos d\u00edas antes de la llegada no hay gastos de cancelaci\u00f3n, a partir de dos d\u00edas (despu\u00e9s de las 12 horas) el 90 % de los servicios acordados. Las pernoctaciones que no se hayan utilizado ni cancelado se cobrar\u00e1n al 100 % de lo acordado.\n\t\t\t<\/li>\n\t\t\t<li>\n\t\t\t\tLas habitaciones NO est\u00e1n separadas por g\u00e9nero.\n\t\t\t<\/li>\n\t\t\t<li>\n\t\t\t\tCasa para no fumadores\n\t\t\t<\/li>\n\t\t\t<li>\n\t\t\t\t<a href=\"\/es\/condiciones-generales\/\">Nuestras condiciones generales \u00bb<\/a>\n\t\t\t<\/li>\n\t\t<\/ul>\n\t\t\t\t<img loading=\"lazy\" decoding=\"async\" src=\"https:\/\/hostel-duesseldorf.de\/wp-content\/uploads\/2021\/09\/backpacker-pension-impression-875-1024x576.jpg\" alt=\"backpacker-pension-impression-875\" itemprop=\"image\" height=\"576\" width=\"1024\" title=\"backpacker-pension-impression-875\" onerror=\"this.style.display='none'\"  \/>\n\n","protected":false},"excerpt":{"rendered":"<p>Habitaci\u00f3n de 6 camas desde \u20ac 21,50 domingo a jueves &#8211; por noche desde \u20ac 23,00 viernes o s\u00e1bado &#8211; por noche desde \u20ac 112,00 Precio del paquete 7 noches desde \u20ac 435,00 Precio del paquete 30 noches Reservar Habitaci\u00f3n de 4 camas desde \u20ac 23,50 domingo a jueves &#8211; por noche desde \u20ac 25,00 [&hellip;]<\/p>\n","protected":false},"author":1,"featured_media":0,"parent":0,"menu_order":2,"comment_status":"closed","ping_status":"closed","template":"","meta":{"_acf_changed":false,"footnotes":""},"class_list":["post-957","page","type-page","status-publish","hentry"],"acf":[],"_links":{"self":[{"href":"https:\/\/hostel-duesseldorf.de\/es\/wp-json\/wp\/v2\/pages\/957","targetHints":{"allow":["GET"]}}],"collection":[{"href":"https:\/\/hostel-duesseldorf.de\/es\/wp-json\/wp\/v2\/pages"}],"about":[{"href":"https:\/\/hostel-duesseldorf.de\/es\/wp-json\/wp\/v2\/types\/page"}],"author":[{"embeddable":true,"href":"https:\/\/hostel-duesseldorf.de\/es\/wp-json\/wp\/v2\/users\/1"}],"replies":[{"embeddable":true,"href":"https:\/\/hostel-duesseldorf.de\/es\/wp-json\/wp\/v2\/comments?post=957"}],"version-history":[{"count":10,"href":"https:\/\/hostel-duesseldorf.de\/es\/wp-json\/wp\/v2\/pages\/957\/revisions"}],"predecessor-version":[{"id":1480,"href":"https:\/\/hostel-duesseldorf.de\/es\/wp-json\/wp\/v2\/pages\/957\/revisions\/1480"}],"wp:attachment":[{"href":"https:\/\/hostel-duesseldorf.de\/es\/wp-json\/wp\/v2\/media?parent=957"}],"curies":[{"name":"wp","href":"https:\/\/api.w.org\/{rel}","templated":true}]}}