{"id":948,"date":"2021-10-18T12:47:13","date_gmt":"2021-10-18T12:47:13","guid":{"rendered":"https:\/\/hostel-duesseldorf.de\/?page_id=948"},"modified":"2022-04-04T08:21:17","modified_gmt":"2022-04-04T08:21:17","slug":"startseite","status":"publish","type":"page","link":"https:\/\/hostel-duesseldorf.de\/es\/","title":{"rendered":"Startseite"},"content":{"rendered":"\n<h2>Precios<\/h2>\n<p>Aqu\u00ed puede encontrar todo sobre los precios de nuestros alojamientos. Los precios incluyen, por ejemplo, un peque\u00f1o desayuno con caf\u00e9, t\u00e9, cacao, pan, mermelada, miel \u2026<\/p>\n<p>\t\t\t\t<a href=\"\/es\/precios\/\" role=\"button\" target=\"_self\"><br \/>\n\t\t\t\t\t\t\t\t\t\tLeer m\u00e1s\t\t\t\t\t\t\t\t\t<\/a><\/p>\n<h2>Fotos<\/h2>\n<p>Echa un vistazo y obt\u00e9n una primera impresi\u00f3n. Aqu\u00ed podr\u00e1 conocer los diferentes locales y mucho m\u00e1s \u2026<\/p>\n<p>\t\t\t\t<a href=\"\/es\/fotos\/\" role=\"button\" target=\"_self\"><br \/>\n\t\t\t\t\t\t\t\t\t\tLeer m\u00e1s\t\t\t\t\t\t\t\t\t<\/a><\/p>\n<h2>Reservar<\/h2>\n<p>Se requiere siempre para llegadas nocturnas, grupos (3 personas o m\u00e1s) y en general siempre si se dispone de tarjeta de cr\u00e9dito.<\/p>\n<p>\t\t\t\t<a href=\"\/es\/reservar\/\" role=\"button\" target=\"_self\"><br \/>\n\t\t\t\t\t\t\t\t\t\tLeer m\u00e1s\t\t\t\t\t\t\t\t\t<\/a><\/p>\n<div class=\"brlbs-cmpnt-container brlbs-cmpnt-content-blocker brlbs-cmpnt-with-individual-styles\" data-borlabs-cookie-content-blocker-id=\"google-maps\" data-borlabs-cookie-content=\"PGlmcmFtZSBzcmM9Imh0dHBzOi8vd3d3Lmdvb2dsZS5jb20vbWFwcy9lbWJlZC92MS9wbGFjZT9xPUJhY2twYWNrZXJzK0QlQzMlQkNzc2VsZG9yZislQzIlQjcrRiVDMyVCQ3JzdGVud2FsbCsxODArJUMyJUI3KzQwMjE1K0QlQzMlQkNzc2VsZG9yZiZrZXk9QUl6YVN5RDA5elE5UE5ETk55OVRhZE11elJWX1VzUFVvV0tudHQ4IiBhcmlhLWhpZGRlbj0idHJ1ZSI+PC9pZnJhbWU+\">\n<div class=\"brlbs-cmpnt-cb-preset-b brlbs-cmpnt-cb-google-maps\">\n<div class=\"brlbs-cmpnt-cb-thumbnail\" style=\"background-image: url('https:\/\/hostel-duesseldorf.de\/wp-content\/uploads\/borlabs-cookie\/1\/brlbs-cb-google-maps-main.png')\"><\/div>\n<div class=\"brlbs-cmpnt-cb-main\">\n<div class=\"brlbs-cmpnt-cb-content\">\n<p class=\"brlbs-cmpnt-cb-description\">Est\u00e1s viendo un contenido de marcador de posici\u00f3n de <strong>Google Maps<\/strong>. Para acceder al contenido real, haz clic en el siguiente bot\u00f3n. Ten en cuenta que al hacerlo compartir\u00e1s datos con terceros proveedores.<\/p>\n<p> <a class=\"brlbs-cmpnt-cb-provider-toggle\" href=\"#\" data-borlabs-cookie-show-provider-information role=\"button\">M\u00e1s informaci\u00f3n<\/a> <\/div>\n<div class=\"brlbs-cmpnt-cb-buttons\"> <a class=\"brlbs-cmpnt-cb-btn\" href=\"#\" data-borlabs-cookie-unblock role=\"button\">Desbloquear contenido<\/a> <a class=\"brlbs-cmpnt-cb-btn\" href=\"#\" data-borlabs-cookie-accept-service role=\"button\" style=\"display: inherit\">Aceptar el servicio requerido y desbloquear los contenidos<\/a> <\/div>\n<\/p><\/div>\n<\/p><\/div>\n<\/div>\n","protected":false},"excerpt":{"rendered":"<p>Precios Aqu\u00ed puede encontrar todo sobre los precios de nuestros alojamientos. Los precios incluyen, por ejemplo, un peque\u00f1o desayuno con caf\u00e9, t\u00e9, cacao, pan, mermelada, miel \u2026 Leer m\u00e1s Fotos Echa un vistazo y obt\u00e9n una primera impresi\u00f3n. Aqu\u00ed podr\u00e1 conocer los diferentes locales y mucho m\u00e1s \u2026 Leer m\u00e1s Reservar Se requiere siempre para [&hellip;]<\/p>\n","protected":false},"author":1,"featured_media":0,"parent":0,"menu_order":0,"comment_status":"closed","ping_status":"closed","template":"","meta":{"_acf_changed":false,"footnotes":""},"class_list":["post-948","page","type-page","status-publish","hentry"],"acf":[],"_links":{"self":[{"href":"https:\/\/hostel-duesseldorf.de\/es\/wp-json\/wp\/v2\/pages\/948","targetHints":{"allow":["GET"]}}],"collection":[{"href":"https:\/\/hostel-duesseldorf.de\/es\/wp-json\/wp\/v2\/pages"}],"about":[{"href":"https:\/\/hostel-duesseldorf.de\/es\/wp-json\/wp\/v2\/types\/page"}],"author":[{"embeddable":true,"href":"https:\/\/hostel-duesseldorf.de\/es\/wp-json\/wp\/v2\/users\/1"}],"replies":[{"embeddable":true,"href":"https:\/\/hostel-duesseldorf.de\/es\/wp-json\/wp\/v2\/comments?post=948"}],"version-history":[{"count":2,"href":"https:\/\/hostel-duesseldorf.de\/es\/wp-json\/wp\/v2\/pages\/948\/revisions"}],"predecessor-version":[{"id":1343,"href":"https:\/\/hostel-duesseldorf.de\/es\/wp-json\/wp\/v2\/pages\/948\/revisions\/1343"}],"wp:attachment":[{"href":"https:\/\/hostel-duesseldorf.de\/es\/wp-json\/wp\/v2\/media?parent=948"}],"curies":[{"name":"wp","href":"https:\/\/api.w.org\/{rel}","templated":true}]}}