{"id":1003,"date":"2021-10-18T13:05:31","date_gmt":"2021-10-18T13:05:31","guid":{"rendered":"https:\/\/hostel-duesseldorf.de\/?page_id=1003"},"modified":"2021-10-18T13:10:58","modified_gmt":"2021-10-18T13:10:58","slug":"aviso-legal","status":"publish","type":"page","link":"https:\/\/hostel-duesseldorf.de\/es\/aviso-legal\/","title":{"rendered":"Aviso Legal"},"content":{"rendered":"\n<p>Esta p\u00e1gina s\u00f3lo est\u00e1 disponible en <a href=\"\/agb\/\" target=\"_blank\" rel=\"noopener\">alem\u00e1n<\/a><\/p>\n","protected":false},"excerpt":{"rendered":"<p>Esta p\u00e1gina s\u00f3lo est\u00e1 disponible en alem\u00e1n<\/p>\n","protected":false},"author":1,"featured_media":0,"parent":0,"menu_order":8,"comment_status":"closed","ping_status":"closed","template":"","meta":{"_acf_changed":false,"footnotes":""},"class_list":["post-1003","page","type-page","status-publish","hentry"],"acf":[],"_links":{"self":[{"href":"https:\/\/hostel-duesseldorf.de\/es\/wp-json\/wp\/v2\/pages\/1003","targetHints":{"allow":["GET"]}}],"collection":[{"href":"https:\/\/hostel-duesseldorf.de\/es\/wp-json\/wp\/v2\/pages"}],"about":[{"href":"https:\/\/hostel-duesseldorf.de\/es\/wp-json\/wp\/v2\/types\/page"}],"author":[{"embeddable":true,"href":"https:\/\/hostel-duesseldorf.de\/es\/wp-json\/wp\/v2\/users\/1"}],"replies":[{"embeddable":true,"href":"https:\/\/hostel-duesseldorf.de\/es\/wp-json\/wp\/v2\/comments?post=1003"}],"version-history":[{"count":0,"href":"https:\/\/hostel-duesseldorf.de\/es\/wp-json\/wp\/v2\/pages\/1003\/revisions"}],"wp:attachment":[{"href":"https:\/\/hostel-duesseldorf.de\/es\/wp-json\/wp\/v2\/media?parent=1003"}],"curies":[{"name":"wp","href":"https:\/\/api.w.org\/{rel}","templated":true}]}}