{"id":1000,"date":"2021-10-18T13:04:03","date_gmt":"2021-10-18T13:04:03","guid":{"rendered":"https:\/\/hostel-duesseldorf.de\/?page_id=1000"},"modified":"2021-10-18T13:04:03","modified_gmt":"2021-10-18T13:04:03","slug":"condiciones-generales","status":"publish","type":"page","link":"https:\/\/hostel-duesseldorf.de\/es\/condiciones-generales\/","title":{"rendered":"Condiciones generales"},"content":{"rendered":"<p>Esta p\u00e1gina s\u00f3lo est\u00e1 disponible en <a href=\"\/agb\/\" target=\"_blank\" rel=\"noopener\">alem\u00e1n<\/a><\/p>\n","protected":false},"excerpt":{"rendered":"<p>Esta p\u00e1gina s\u00f3lo est\u00e1 disponible en alem\u00e1n<\/p>\n","protected":false},"author":1,"featured_media":0,"parent":0,"menu_order":7,"comment_status":"closed","ping_status":"closed","template":"","meta":{"_acf_changed":false,"footnotes":""},"class_list":["post-1000","page","type-page","status-publish","hentry"],"acf":[],"_links":{"self":[{"href":"https:\/\/hostel-duesseldorf.de\/es\/wp-json\/wp\/v2\/pages\/1000","targetHints":{"allow":["GET"]}}],"collection":[{"href":"https:\/\/hostel-duesseldorf.de\/es\/wp-json\/wp\/v2\/pages"}],"about":[{"href":"https:\/\/hostel-duesseldorf.de\/es\/wp-json\/wp\/v2\/types\/page"}],"author":[{"embeddable":true,"href":"https:\/\/hostel-duesseldorf.de\/es\/wp-json\/wp\/v2\/users\/1"}],"replies":[{"embeddable":true,"href":"https:\/\/hostel-duesseldorf.de\/es\/wp-json\/wp\/v2\/comments?post=1000"}],"version-history":[{"count":0,"href":"https:\/\/hostel-duesseldorf.de\/es\/wp-json\/wp\/v2\/pages\/1000\/revisions"}],"wp:attachment":[{"href":"https:\/\/hostel-duesseldorf.de\/es\/wp-json\/wp\/v2\/media?parent=1000"}],"curies":[{"name":"wp","href":"https:\/\/api.w.org\/{rel}","templated":true}]}}