{"id":712,"date":"2021-10-13T17:17:00","date_gmt":"2021-10-13T17:17:00","guid":{"rendered":"https:\/\/hostel-duesseldorf.de\/?page_id=712"},"modified":"2023-02-02T08:02:54","modified_gmt":"2023-02-02T08:02:54","slug":"imprint","status":"publish","type":"page","link":"https:\/\/hostel-duesseldorf.de\/en\/imprint\/","title":{"rendered":"Legal"},"content":{"rendered":"\n\n\t\u00a9 2003 &#8211; 2023 Backpackers D\u00fcsseldorf, Germany<br \/>\nAll rights reserved. Text, pictures, graphics are protected by copyright and may not be copied or changed.\nPatrick Lange-B\u00f6hmer<br \/>\nBackpackers D\u00fcsseldorf<br \/>\nF\u00fcrstenwall 180<br \/>\n40215 D\u00fcsseldorf\nPhone: <a href=\"tel:+492113020848\">+49 211 3020848<\/a><br \/>\nE-mail: <a href=\"mailto:info@backpackers-duesseldorf.de\">info@backpackers-duesseldorf.de<\/a>\n<p>Sales tax identification number: DE231749954<\/p>\n<h3>Disclaimer &#8211; legal information<\/h3>\n<strong>Limitation of liability for own contents<\/strong><br \/>\nAll contents of our website have been created with care and to the best of our knowledge. However, we cannot guarantee that all pages are up-to-date, complete and correct. Pursuant to \u00a7 7 para. 1 TMG (German Telemedia Act), we as a service provider are responsible for our own content on these pages in accordance with the general laws, but are not obliged to monitor the transmitted or stored third-party information in accordance with \u00a7\u00a7 8 to 10 TMG. Immediate removal of this content takes place from the time we become aware of a concrete infringement of the law and we are not liable before the time we become aware of it.\n<strong>Limitation of liability for external links<\/strong><br \/>\nOur website contains so-called &#8220;external links&#8221; (links to websites of third parties), over whose content we have no influence and for which we therefore accept no liability. The respective information provider of the linked website is responsible for the content and accuracy of the information. At the time the link was created, we were not aware of any legal violations. Should we become aware of any infringement, we will remove the respective link immediately.\n<strong>Copyright<\/strong><br \/>\nThe contents and works published on this website are subject to German copyright law. Any kind of duplication, processing, distribution or any form of utilisation beyond the scope of copyright law requires the prior written consent of the respective author or creator.\n\n","protected":false},"excerpt":{"rendered":"<p>\u00a9 2003 &#8211; 2023 Backpackers D\u00fcsseldorf, Germany All rights reserved. Text, pictures, graphics are protected by copyright and may not be copied or changed. Patrick Lange-B\u00f6hmer Backpackers D\u00fcsseldorf F\u00fcrstenwall 180 40215 D\u00fcsseldorf Phone: +49 211 3020848 E-mail: info@backpackers-duesseldorf.de Sales tax identification number: DE231749954 Disclaimer &#8211; legal information Limitation of liability for own contents All contents [&hellip;]<\/p>\n","protected":false},"author":1,"featured_media":0,"parent":0,"menu_order":8,"comment_status":"closed","ping_status":"closed","template":"","meta":{"_acf_changed":false,"footnotes":""},"class_list":["post-712","page","type-page","status-publish","hentry"],"acf":[],"_links":{"self":[{"href":"https:\/\/hostel-duesseldorf.de\/en\/wp-json\/wp\/v2\/pages\/712","targetHints":{"allow":["GET"]}}],"collection":[{"href":"https:\/\/hostel-duesseldorf.de\/en\/wp-json\/wp\/v2\/pages"}],"about":[{"href":"https:\/\/hostel-duesseldorf.de\/en\/wp-json\/wp\/v2\/types\/page"}],"author":[{"embeddable":true,"href":"https:\/\/hostel-duesseldorf.de\/en\/wp-json\/wp\/v2\/users\/1"}],"replies":[{"embeddable":true,"href":"https:\/\/hostel-duesseldorf.de\/en\/wp-json\/wp\/v2\/comments?post=712"}],"version-history":[{"count":1,"href":"https:\/\/hostel-duesseldorf.de\/en\/wp-json\/wp\/v2\/pages\/712\/revisions"}],"predecessor-version":[{"id":1447,"href":"https:\/\/hostel-duesseldorf.de\/en\/wp-json\/wp\/v2\/pages\/712\/revisions\/1447"}],"wp:attachment":[{"href":"https:\/\/hostel-duesseldorf.de\/en\/wp-json\/wp\/v2\/media?parent=712"}],"curies":[{"name":"wp","href":"https:\/\/api.w.org\/{rel}","templated":true}]}}