{"id":704,"date":"2021-10-13T17:09:54","date_gmt":"2021-10-13T17:09:54","guid":{"rendered":"https:\/\/hostel-duesseldorf.de\/?page_id=704"},"modified":"2025-04-24T08:11:10","modified_gmt":"2025-04-24T08:11:10","slug":"contact","status":"publish","type":"page","link":"https:\/\/hostel-duesseldorf.de\/en\/contact\/","title":{"rendered":"Contact"},"content":{"rendered":"\n\n\t<div class=\"wpforms-container wpforms-container-full\" id=\"wpforms-726\"><form id=\"wpforms-form-726\" class=\"wpforms-validate wpforms-form wpforms-ajax-form\" data-formid=\"726\" method=\"post\" enctype=\"multipart\/form-data\" action=\"\/en\/wp-json\/wp\/v2\/pages\/704\" data-token=\"7d65f3d3db404071090bade449198887\" data-token-time=\"1775833249\"><noscript class=\"wpforms-error-noscript\">Please enable JavaScript in your browser to complete this form.<\/noscript><div class=\"wpforms-field-container\"><div id=\"wpforms-726-field_0-container\" class=\"wpforms-field wpforms-field-name\" data-field-id=\"0\"><label class=\"wpforms-field-label\" for=\"wpforms-726-field_0\">Your name <span class=\"wpforms-required-label\">*<\/span><\/label><input type=\"text\" id=\"wpforms-726-field_0\" class=\"wpforms-field-large wpforms-field-required\" name=\"wpforms[fields][0]\" required><\/div><div id=\"wpforms-726-field_1-container\" class=\"wpforms-field wpforms-field-email\" data-field-id=\"1\"><label class=\"wpforms-field-label\" for=\"wpforms-726-field_1\">Your email <span class=\"wpforms-required-label\">*<\/span><\/label><input type=\"email\" id=\"wpforms-726-field_1\" class=\"wpforms-field-large wpforms-field-required\" name=\"wpforms[fields][1]\" spellcheck=\"false\" required><\/div><div id=\"wpforms-726-field_2-container\" class=\"wpforms-field wpforms-field-textarea\" data-field-id=\"2\"><label class=\"wpforms-field-label\" for=\"wpforms-726-field_2\">Your message <span class=\"wpforms-required-label\">*<\/span><\/label><textarea id=\"wpforms-726-field_2\" class=\"wpforms-field-large wpforms-field-required\" name=\"wpforms[fields][2]\" required><\/textarea><\/div><div id=\"wpforms-726-field_3-container\" class=\"wpforms-field wpforms-field-gdpr-checkbox\" data-field-id=\"3\"><label class=\"wpforms-field-label\">GDPR consent <span class=\"wpforms-required-label\">*<\/span><\/label><ul id=\"wpforms-726-field_3\" class=\"wpforms-field-required\"><li class=\"choice-1\"><input type=\"checkbox\" id=\"wpforms-726-field_3_1\" name=\"wpforms[fields][3][]\" value=\"I have read the &lt;a target=&quot;_blank&quot; href=&quot;\/en\/privacy\/&quot;&gt;privacy policy&lt;\/a&gt; of this website and agree that my details and data may be collected and stored electronically in order to respond to my enquiry.\" required ><label class=\"wpforms-field-label-inline\" for=\"wpforms-726-field_3_1\">I have read the <a target=\"_blank\" href=\"\/en\/privacy\/\">privacy policy<\/a> of this website and agree that my details and data may be collected and stored electronically in order to respond to my enquiry.<\/label><\/li><\/ul><\/div><\/div><!-- .wpforms-field-container --><div class=\"wpforms-submit-container\" ><input type=\"hidden\" name=\"wpforms[id]\" value=\"726\"><input type=\"hidden\" name=\"page_title\" value=\"\"><input type=\"hidden\" name=\"page_url\" value=\"https:\/\/hostel-duesseldorf.de\/en\/wp-json\/wp\/v2\/pages\/704\"><input type=\"hidden\" name=\"url_referer\" value=\"\"><button type=\"submit\" name=\"wpforms[submit]\" id=\"wpforms-submit-726\" class=\"wpforms-submit\" data-alt-text=\"Sending ...\" data-submit-text=\"Send\" aria-live=\"assertive\" value=\"wpforms-submit\">Send<\/button><img loading=\"lazy\" decoding=\"async\" src=\"https:\/\/hostel-duesseldorf.de\/wp-content\/plugins\/wpforms-lite\/assets\/images\/submit-spin.svg\" class=\"wpforms-submit-spinner\" style=\"display: none;\" width=\"26\" height=\"26\" alt=\"Loading\"><\/div><\/form><\/div>  <!-- .wpforms-container -->\n\tBackpackers D\u00fcsseldorf<br \/>\nF\u00fcrstenwall 180<br \/>\n40215 D\u00fcsseldorf\nFon: <a href=\"tel:+492113020848\">+49 211 3020848\u00a0<\/a><br \/>\n(Office hours: 8 a.m. &#8211; 12 p.m.)<br \/>\n<a href=\"mailto: info@backpackers-duesseldorf.de\">info@backpackers-duesseldorf.de<\/a>\n<form action=\"https:\/\/www.paypal.com\/cgi-bin\/webscr\" method=\"post\" target=\"_top\"><input name=\"cmd\" type=\"hidden\" value=\"_s-xclick\" \/>\n<p><input name=\"hosted_button_id\" type=\"hidden\" value=\"2MTHDNBEXWZPE\" \/><\/p>\n<p><strong>Make a down payment<\/strong><\/p>\n<p><input alt=\"PayPal - The safer, easier way to pay online!\" name=\"submit\" src=\"https:\/\/www.paypalobjects.com\/en_GB\/i\/btn\/btn_buynow_SM.gif\" type=\"image\" \/><\/p>\n<p><img loading=\"lazy\" decoding=\"async\" src=\"https:\/\/www.paypalobjects.com\/de_DE\/i\/scr\/pixel.gif\" alt=\"\" width=\"1\" height=\"1\" border=\"0\" \/><\/p>\n<\/form>\n\n","protected":false},"excerpt":{"rendered":"<p>Backpackers D\u00fcsseldorf F\u00fcrstenwall 180 40215 D\u00fcsseldorf Fon: +49 211 3020848\u00a0 (Office hours: 8 a.m. &#8211; 12 p.m.) info@backpackers-duesseldorf.de Make a down payment<\/p>\n","protected":false},"author":1,"featured_media":0,"parent":0,"menu_order":5,"comment_status":"closed","ping_status":"closed","template":"","meta":{"_acf_changed":false,"footnotes":""},"class_list":["post-704","page","type-page","status-publish","hentry"],"acf":[],"_links":{"self":[{"href":"https:\/\/hostel-duesseldorf.de\/en\/wp-json\/wp\/v2\/pages\/704","targetHints":{"allow":["GET"]}}],"collection":[{"href":"https:\/\/hostel-duesseldorf.de\/en\/wp-json\/wp\/v2\/pages"}],"about":[{"href":"https:\/\/hostel-duesseldorf.de\/en\/wp-json\/wp\/v2\/types\/page"}],"author":[{"embeddable":true,"href":"https:\/\/hostel-duesseldorf.de\/en\/wp-json\/wp\/v2\/users\/1"}],"replies":[{"embeddable":true,"href":"https:\/\/hostel-duesseldorf.de\/en\/wp-json\/wp\/v2\/comments?post=704"}],"version-history":[{"count":1,"href":"https:\/\/hostel-duesseldorf.de\/en\/wp-json\/wp\/v2\/pages\/704\/revisions"}],"predecessor-version":[{"id":1499,"href":"https:\/\/hostel-duesseldorf.de\/en\/wp-json\/wp\/v2\/pages\/704\/revisions\/1499"}],"wp:attachment":[{"href":"https:\/\/hostel-duesseldorf.de\/en\/wp-json\/wp\/v2\/media?parent=704"}],"curies":[{"name":"wp","href":"https:\/\/api.w.org\/{rel}","templated":true}]}}