{"id":686,"date":"2021-10-13T16:44:35","date_gmt":"2021-10-13T16:44:35","guid":{"rendered":"https:\/\/hostel-duesseldorf.de\/?page_id=686"},"modified":"2021-10-14T12:42:24","modified_gmt":"2021-10-14T12:42:24","slug":"directions","status":"publish","type":"page","link":"https:\/\/hostel-duesseldorf.de\/en\/directions\/","title":{"rendered":"Directions"},"content":{"rendered":"<h2>\n\t\tHostel Infos<br \/>\n\t<\/h2>\n<h5>Address<\/h5>\n<p>Backpackers D\u00fcsseldorf<br \/>\nF\u00fcrstenwall 180<br \/>\n40215 D\u00fcsseldorf<br \/>\nFon: <a href=\"tel:+492113020848\">+49 211 3020848<\/a> (no fax)<br \/>\nOffice hours: 8 a.m. \u2013 12 p.m.<\/p>\n<h5>Opening hours<\/h5>\n<p>Reception: 8:00 a.m. \u2013 22:00 p.m.<br \/>\nGuest kitchen: 8:00 a.m. \u2013 22:00 p.m.<br \/>\nBreakfast: 8:00 \u2013 10:45 a.m.<br \/>\nCheck-In: 2:00 \u2013 22:00 p.m.<br \/>\n(Night check-in only by prior arrangement)<br \/>\nCheck-Out until 11:00 a.m.<\/p>\n<h2>\n\t\tHow to find us<br \/>\n\t<\/h2>\n<h5>Directions from Weeze Airport (Ryan Air)<\/h5>\n<p><a href=\"https:\/\/airport-weeze.com\/how-to-get-to-the-airport\/?lang=en\" target=\"_blank\" rel=\"noopener\">Arrival and departure<\/a><\/p>\n<h5>Directions from D\u00fcsseldorf International Airport to D\u00fcsseldorf Main Station (Hbf)<\/h5>\n<p>S-Bahn number 11 \/ S11 (ca. 14 Min.)<br \/>\n<a href=\"https:\/\/www.dus.com\/en\/inform\/for-a-safe-journey\" target=\"_blank\" rel=\"noopener\">Arrival and departure<\/a><\/p>\n<h5>From D\u00fcsseldorf main station (Hbf) to us<\/h5>\n<ul>\n<li>Bus number 732 direction Hafen\/Lausward &#8211; departs from the main station near bus platform 10 (at the Sparkasse)<\/li>\n<li>Get off after approx. 6 min. at the Corneliusstra\u00dfe stop<\/li>\n<li>Walk along the F\u00fcrstenwall for approx. 2 min. in the direction of the church square<\/li>\n<li>at F\u00fcrstenwall number 180 (right-hand side) you are there.<\/li>\n<\/ul>\n<h5>On site<\/h5>\n<ul>\n<li>If you have received a code for your arrival by email, please use the white entrance door (the keypad for the PIN is next to the doorbell).<\/li>\n<li>If the gate to the courtyard is open, you can go through the courtyard directly to the reception area.<\/li>\n<\/ul>\n<div class=\"brlbs-cmpnt-container brlbs-cmpnt-content-blocker brlbs-cmpnt-with-individual-styles\" data-borlabs-cookie-content-blocker-id=\"google-maps\" data-borlabs-cookie-content=\"PGlmcmFtZSBzcmM9Imh0dHBzOi8vd3d3Lmdvb2dsZS5jb20vbWFwcy9lbWJlZC92MS9wbGFjZT9xPUJhY2twYWNrZXJzK0QlQzMlQkNzc2VsZG9yZislQzIlQjcrRiVDMyVCQ3JzdGVud2FsbCsxODArJUMyJUI3KzQwMjE1K0QlQzMlQkNzc2VsZG9yZiZrZXk9QUl6YVN5RDA5elE5UE5ETk55OVRhZE11elJWX1VzUFVvV0tudHQ4IiBhcmlhLWhpZGRlbj0idHJ1ZSI+PC9pZnJhbWU+\">\n<div class=\"brlbs-cmpnt-cb-preset-b brlbs-cmpnt-cb-google-maps\">\n<div class=\"brlbs-cmpnt-cb-thumbnail\" style=\"background-image: url('https:\/\/hostel-duesseldorf.de\/wp-content\/uploads\/borlabs-cookie\/1\/brlbs-cb-google-maps-main.png')\"><\/div>\n<div class=\"brlbs-cmpnt-cb-main\">\n<div class=\"brlbs-cmpnt-cb-content\">\n<p class=\"brlbs-cmpnt-cb-description\">You are currently viewing a placeholder content from <strong>Google Maps<\/strong>. To access the actual content, click the button below. Please note that doing so will share data with third-party providers.<\/p>\n<p> <a class=\"brlbs-cmpnt-cb-provider-toggle\" href=\"#\" data-borlabs-cookie-show-provider-information role=\"button\">More Information<\/a> <\/div>\n<div class=\"brlbs-cmpnt-cb-buttons\"> <a class=\"brlbs-cmpnt-cb-btn\" href=\"#\" data-borlabs-cookie-unblock role=\"button\">Unblock content<\/a> <a class=\"brlbs-cmpnt-cb-btn\" href=\"#\" data-borlabs-cookie-accept-service role=\"button\" style=\"display: inherit\">Accept required service and unblock content<\/a> <\/div>\n<\/p><\/div>\n<\/p><\/div>\n<\/div>\n","protected":false},"excerpt":{"rendered":"<p>Hostel Infos Address Backpackers D\u00fcsseldorf F\u00fcrstenwall 180 40215 D\u00fcsseldorf Fon: +49 211 3020848 (no fax) Office hours: 8 a.m. \u2013 12 p.m. Opening hours Reception: 8:00 a.m. \u2013 22:00 p.m. Guest kitchen: 8:00 a.m. \u2013 22:00 p.m. Breakfast: 8:00 \u2013 10:45 a.m. Check-In: 2:00 \u2013 22:00 p.m. (Night check-in only by prior arrangement) Check-Out until [&hellip;]<\/p>\n","protected":false},"author":1,"featured_media":0,"parent":0,"menu_order":4,"comment_status":"closed","ping_status":"closed","template":"","meta":{"_acf_changed":false,"footnotes":""},"class_list":["post-686","page","type-page","status-publish","hentry"],"acf":[],"_links":{"self":[{"href":"https:\/\/hostel-duesseldorf.de\/en\/wp-json\/wp\/v2\/pages\/686","targetHints":{"allow":["GET"]}}],"collection":[{"href":"https:\/\/hostel-duesseldorf.de\/en\/wp-json\/wp\/v2\/pages"}],"about":[{"href":"https:\/\/hostel-duesseldorf.de\/en\/wp-json\/wp\/v2\/types\/page"}],"author":[{"embeddable":true,"href":"https:\/\/hostel-duesseldorf.de\/en\/wp-json\/wp\/v2\/users\/1"}],"replies":[{"embeddable":true,"href":"https:\/\/hostel-duesseldorf.de\/en\/wp-json\/wp\/v2\/comments?post=686"}],"version-history":[{"count":0,"href":"https:\/\/hostel-duesseldorf.de\/en\/wp-json\/wp\/v2\/pages\/686\/revisions"}],"wp:attachment":[{"href":"https:\/\/hostel-duesseldorf.de\/en\/wp-json\/wp\/v2\/media?parent=686"}],"curies":[{"name":"wp","href":"https:\/\/api.w.org\/{rel}","templated":true}]}}